{"id":12305,"date":"2026-01-22T16:45:32","date_gmt":"2026-01-22T16:45:32","guid":{"rendered":"https:\/\/uniquesite.shop\/?page_id=12305"},"modified":"2026-01-23T12:48:26","modified_gmt":"2026-01-23T12:48:26","slug":"terms-conditions","status":"publish","type":"page","link":"https:\/\/uniquesite.shop\/es\/terms-conditions\/","title":{"rendered":"Condiciones generales"},"content":{"rendered":"<div data-elementor-type=\"wp-page\" data-elementor-id=\"12305\" class=\"elementor elementor-12305\" data-elementor-post-type=\"page\">\n\t\t\t\t<div class=\"elementor-element elementor-element-1310f05 e-flex e-con-boxed e-con e-parent\" data-id=\"1310f05\" data-element_type=\"container\" data-settings=\"{&quot;ekit_has_onepagescroll_dot&quot;:&quot;yes&quot;}\">\n\t\t\t\t\t<div class=\"e-con-inner\">\n\t\t\t\t<div class=\"elementor-element elementor-element-d565157 elementor-widget elementor-widget-html\" data-id=\"d565157\" data-element_type=\"widget\" data-settings=\"{&quot;ekit_we_effect_on&quot;:&quot;none&quot;}\" data-widget_type=\"html.default\">\n\t\t\t\t<div class=\"elementor-widget-container\">\n\t\t\t\t\t<section style=\"  max-width: 1100px;  margin: 60px auto;  padding: 60px 40px;  background: #FFF7F3;  border-radius: 16px;  font-family: -apple-system, BlinkMacSystemFont, 'Segoe UI', Roboto, Arial, sans-serif;  color: #333;  line-height: 1.75;\">\r\n\r\n  <!-- \u6807\u9898 -->\r\n  <h1 style=\"    font-size: 40px;    font-weight: 800;    color: #E95D2A;    margin-bottom: 20px;  \">\r\n    Condiciones generales\r\n  <\/h1>\r\n\r\n  <p style=\"max-width:900px;margin-bottom:40px;\">\r\n    Al acceder a este sitio web o utilizarlo, usted acepta quedar vinculado por las presentes Condiciones Generales.\r\n    Si no est\u00e1 de acuerdo, deje de utilizar el sitio web inmediatamente.\r\n  <\/p>\r\n\r\n  <!-- 1 -->\r\n  <h2 style=\"color:#E95D2A;\">1. Uso del sitio web<\/h2>\r\n  <div style=\"background:#fff;padding:28px;border-radius:14px;box-shadow:0 8px 24px rgba(233,93,42,.12);margin-bottom:40px;\">\r\n    <ul>\r\n      <li>Usted se compromete a utilizar este sitio web legalmente y de buena fe.<\/li>\r\n      <li>Nos reservamos el derecho de suspender o cancelar las cuentas que infrinjan estas condiciones.<\/li>\r\n    <\/ul>\r\n  <\/div>\r\n\r\n  <!-- 2 -->\r\n  <h2 style=\"color:#E95D2A;\">2. Proceso de pedido<\/h2>\r\n  <div style=\"background:#fff;padding:28px;border-radius:14px;box-shadow:0 8px 24px rgba(233,93,42,.12);margin-bottom:40px;\">\r\n    <p>\r\n      Navegar \u2192 A\u00f1adir a la cesta \u2192 Realizar pedido \u2192 Pago \u2192 Confirmaci\u00f3n del pedido.\r\n    <\/p>\r\n    <p>\r\n      El correo electr\u00f3nico de confirmaci\u00f3n del pedido constituye la prueba de un contrato de venta vinculante.\r\n    <\/p>\r\n  <\/div>\r\n\r\n  <!-- 3 -->\r\n  <h2 style=\"color:#E95D2A;\">3. 3. Descripci\u00f3n del producto<\/h2>\r\n  <div style=\"background:#fff;padding:28px;border-radius:14px;box-shadow:0 8px 24px rgba(233,93,42,.12);margin-bottom:40px;\">\r\n    <p>\r\n      Debido a los lotes de producci\u00f3n y las condiciones de iluminaci\u00f3n, los productos reales pueden mostrar peque\u00f1as variaciones de color o detalles.\r\n      variaciones en el color o los detalles.\r\n    <\/p>\r\n    <p>\r\n      Si un producto difiere significativamente de su descripci\u00f3n, puede solicitar una devoluci\u00f3n.\r\n    <\/p>\r\n  <\/div>\r\n\r\n  <!-- 4 -->\r\n  <h2 style=\"color:#E95D2A;\">4. Ajustes de precios<\/h2>\r\n  <div style=\"background:#fff;padding:28px;border-radius:14px;box-shadow:0 8px 24px rgba(233,93,42,.12);margin-bottom:40px;\">\r\n    <p>\r\n      Los precios promocionales entran en vigor inmediatamente. Los pedidos ya pagados no se ver\u00e1n afectados\r\n      los cambios de precio posteriores.\r\n    <\/p>\r\n  <\/div>\r\n\r\n  <!-- 5 -->\r\n  <h2 style=\"color:#E95D2A;\">5. Compromiso de entrega<\/h2>\r\n  <div style=\"background:#fff;padding:28px;border-radius:14px;box-shadow:0 8px 24px rgba(233,93,42,.12);margin-bottom:40px;\">\r\n    <ul>\r\n      <li>Los pedidos se env\u00edan en un plazo de <strong>1-2 d\u00edas laborables<\/strong>.<\/li>\r\n      <li>El plazo medio de entrega es de <strong>3-7 d\u00edas<\/strong> en todo el pa\u00eds (las zonas remotas pueden tardar m\u00e1s).<\/li>\r\n      <li>Cualquier retraso se comunicar\u00e1 de forma proactiva.<\/li>\r\n    <\/ul>\r\n  <\/div>\r\n\r\n  <!-- 6 -->\r\n  <h2 style=\"color:#E95D2A;\">6. Cambios y devoluciones en 30 d\u00edas sin preocupaciones<\/h2>\r\n  <div style=\"background:#fff;padding:28px;border-radius:14px;box-shadow:0 8px 24px rgba(233,93,42,.12);margin-bottom:40px;\">\r\n    <ul>\r\n      <li>Cambios y devoluciones en 30 d\u00edas sin motivo.<\/li>\r\n      <li>Todos los gastos de devoluci\u00f3n corren por nuestra cuenta.<\/li>\r\n      <li>Proceso sencillo: Contactar con el servicio de asistencia \u2192 Devolver el art\u00edculo \u2192 Reembolso r\u00e1pido.<\/li>\r\n    <\/ul>\r\n  <\/div>\r\n\r\n  <!-- 7 -->\r\n  <h2 style=\"color:#E95D2A;\">7. 7. Garant\u00eda de calidad<\/h2>\r\n  <div style=\"background:#fff;padding:28px;border-radius:14px;box-shadow:0 8px 24px rgba(233,93,42,.12);margin-bottom:40px;\">\r\n    <p>\r\n      Si tiene alg\u00fan problema de calidad, p\u00f3ngase en contacto con el servicio de atenci\u00f3n al cliente inmediatamente.\r\n      Asumiremos toda la responsabilidad.\r\n    <\/p>\r\n  <\/div>\r\n\r\n  <!-- 8 -->\r\n  <h2 style=\"color:#E95D2A;\">8. Alcance de la responsabilidad<\/h2>\r\n  <div style=\"background:#fff;padding:28px;border-radius:14px;box-shadow:0 8px 24px rgba(233,93,42,.12);margin-bottom:40px;\">\r\n    <p>\r\n      Aunque nos esforzamos por garantizar la exactitud, pueden producirse errores.\r\n      No nos hacemos responsables de los acontecimientos de fuerza mayor que escapen a nuestro control.\r\n    <\/p>\r\n  <\/div>\r\n\r\n  <!-- 9 -->\r\n  <h2 style=\"color:#E95D2A;\">9. 9. Propiedad intelectual<\/h2>\r\n  <div style=\"background:#fff;padding:28px;border-radius:14px;box-shadow:0 8px 24px rgba(233,93,42,.12);margin-bottom:40px;\">\r\n    <p>\r\n      Todo el contenido del sitio web, incluidos textos, im\u00e1genes y logotipos, est\u00e1 protegido legalmente.\r\n      Queda prohibido su uso no autorizado.\r\n    <\/p>\r\n  <\/div>\r\n\r\n  <!-- 10 -->\r\n  <h2 style=\"color:#E95D2A;\">10. Privacidad y seguridad<\/h2>\r\n  <p>\r\n    Consulte nuestra Pol\u00edtica de privacidad para obtener informaci\u00f3n detallada sobre el tratamiento de los datos personales.\r\n    Nos comprometemos a proteger sus datos.\r\n  <\/p>\r\n\r\n  <!-- 11 -->\r\n  <h2 style=\"color:#E95D2A;\">11. T\u00e9rminos Eficacia y actualizaciones<\/h2>\r\n  <p>\r\n    El uso continuado de este sitio web indica la aceptaci\u00f3n de estas condiciones.\r\n    Nos reservamos el derecho a actualizarlas cuando sea necesario.\r\n  <\/p>\r\n\r\n  <!-- \u5e95\u90e8\u5f3a\u8c03 -->\r\n  <div style=\"    margin-top:50px;    padding:26px;    background:#FFE2D7;    border-radius:12px;    text-align:center;  \">\r\n    <p style=\"margin:0;font-weight:600;color:#E95D2A;font-size:18px;\">\r\n      Estas condiciones est\u00e1n dise\u00f1adas para protegerle tanto a usted como a nosotros, garantizando una experiencia de compra justa y transparente.\r\n    <\/p>\r\n  <\/div>\r\n\r\n<\/section>\r\n\t\t\t\t<\/div>\n\t\t\t\t<\/div>\n\t\t\t\t\t<\/div>\n\t\t\t\t<\/div>\n\t\t\t\t<\/div>","protected":false},"excerpt":{"rendered":"<p>Terms and Conditions By accessing or using this website, you agree to be bound by these Terms and Conditions. If&#8230;<\/p>","protected":false},"author":1,"featured_media":0,"parent":0,"menu_order":0,"comment_status":"closed","ping_status":"closed","template":"","meta":{"_acf_changed":false,"footnotes":""},"class_list":["post-12305","page","type-page","status-publish","hentry"],"acf":[],"_links":{"self":[{"href":"https:\/\/uniquesite.shop\/es\/wp-json\/wp\/v2\/pages\/12305","targetHints":{"allow":["GET"]}}],"collection":[{"href":"https:\/\/uniquesite.shop\/es\/wp-json\/wp\/v2\/pages"}],"about":[{"href":"https:\/\/uniquesite.shop\/es\/wp-json\/wp\/v2\/types\/page"}],"author":[{"embeddable":true,"href":"https:\/\/uniquesite.shop\/es\/wp-json\/wp\/v2\/users\/1"}],"replies":[{"embeddable":true,"href":"https:\/\/uniquesite.shop\/es\/wp-json\/wp\/v2\/comments?post=12305"}],"version-history":[{"count":10,"href":"https:\/\/uniquesite.shop\/es\/wp-json\/wp\/v2\/pages\/12305\/revisions"}],"predecessor-version":[{"id":12476,"href":"https:\/\/uniquesite.shop\/es\/wp-json\/wp\/v2\/pages\/12305\/revisions\/12476"}],"wp:attachment":[{"href":"https:\/\/uniquesite.shop\/es\/wp-json\/wp\/v2\/media?parent=12305"}],"curies":[{"name":"wp","href":"https:\/\/api.w.org\/{rel}","templated":true}]}}