{"id":14077,"date":"2026-01-28T11:55:27","date_gmt":"2026-01-28T11:55:27","guid":{"rendered":"https:\/\/uniquesite.shop\/?post_type=product&#038;p=14077"},"modified":"2026-01-28T12:17:41","modified_gmt":"2026-01-28T12:17:41","slug":"xxl-protein-box-more-nutrition-zerup-clear-whey-protein-iced-coffee-protein-milkshake-protein-sahne-protein-griespudding-protein-pudding-shaker","status":"publish","type":"product","link":"https:\/\/uniquesite.shop\/es\/producto\/xxl-protein-box-more-nutrition-zerup-clear-whey-protein-iced-coffee-protein-milkshake-protein-sahne-protein-griespudding-protein-pudding-shaker\/","title":{"rendered":"XXL Protein Box - MORE Nutrition - (Zerup, Clear Whey, Protein Iced Coffee, Protein Milkshake, Protein Sahne, Protein Grie\u00dfpudding, Protein Pudding, Shaker)"},"content":{"rendered":"<div data-elementor-type=\"product-post\" data-elementor-id=\"14077\" class=\"elementor elementor-14077\" data-elementor-post-type=\"product\">\n\t\t\t\t<div class=\"elementor-element elementor-element-57d647fb e-flex e-con-boxed e-con e-parent\" data-id=\"57d647fb\" data-element_type=\"container\" data-settings=\"{&quot;ekit_has_onepagescroll_dot&quot;:&quot;yes&quot;}\">\n\t\t\t\t\t<div class=\"e-con-inner\">\n\t\t\t\t<div class=\"elementor-element elementor-element-1f4d8cc5 elementor-widget elementor-widget-text-editor\" data-id=\"1f4d8cc5\" data-element_type=\"widget\" data-settings=\"{&quot;ekit_we_effect_on&quot;:&quot;none&quot;}\" data-widget_type=\"text-editor.default\">\n\t\t\t\t<div class=\"elementor-widget-container\">\n\t\t\t\t\t\t\t\t\t<div id=\"importantInformation_feature_div\" class=\"celwidget\" data-feature-name=\"importantInformation\" data-csa-c-type=\"widget\" data-csa-c-content-id=\"importantInformation\" data-csa-c-slot-id=\"importantInformation_feature_div\" data-csa-c-asin=\"\" data-csa-c-is-in-initial-active-row=\"false\" data-csa-c-id=\"4ymjx5-xywzsk-qy4w7o-k1xemx\" data-cel-widget=\"importantInformation_feature_div\"><div id=\"important-information\" class=\"a-section a-spacing-extra-large bucket\"><h2 style=\"text-align: center;\">Informaci\u00f3n importante<\/h2><div class=\"a-section content\"><h3 style=\"text-align: center;\">Ingredientes:Concentrado de prote\u00edna de LECHE 55%, AVENA integral (sin gluten) 39%, Glucomanano (de ra\u00edz de konjac) 2%, C\u00e1scara de Psyllium en polvo, Fibra soluble (ma\u00edz), Sal, Lactasa, Edulcorante (Gluc\u00f3sidos de esteviol de Stevia). Origen de los ingredientes: UE\/no UE.<\/h3><h2 style=\"text-align: center;\"><span style=\"font-size: 16px;\">C\u00f3mo llegar:<\/span><span style=\"font-size: 16px;\">Mezclar con agua o leche, a\u00f1adir ingredientes si se desea<\/span><\/h2><\/div><\/div><\/div>\t\t\t\t\t\t\t\t<\/div>\n\t\t\t\t<\/div>\n\t\t\t\t<div class=\"elementor-element elementor-element-3448febe elementor-widget elementor-widget-text-editor\" data-id=\"3448febe\" data-element_type=\"widget\" data-settings=\"{&quot;ekit_we_effect_on&quot;:&quot;none&quot;}\" data-widget_type=\"text-editor.default\">\n\t\t\t\t<div class=\"elementor-widget-container\">\n\t\t\t\t\t\t\t\t\t<hr class=\"bucketDivider\" noshade=\"noshade\" size=\"1\" \/><h2>De la marca<\/h2>\t\t\t\t\t\t\t\t<\/div>\n\t\t\t\t<\/div>\n\t\t\t\t<div class=\"elementor-element elementor-element-3babaedc elementor-widget elementor-widget-image\" data-id=\"3babaedc\" data-element_type=\"widget\" data-settings=\"{&quot;ekit_we_effect_on&quot;:&quot;none&quot;}\" data-widget_type=\"image.default\">\n\t\t\t\t<div class=\"elementor-widget-container\">\n\t\t\t\t\t\t\t\t\t\t\t\t\t\t\t<img loading=\"lazy\" decoding=\"async\" width=\"1464\" height=\"625\" src=\"https:\/\/uniquesite.shop\/wp-content\/uploads\/2026\/01\/42f38a36-4650-4c13-b3e1-bb9c2c18c2fb.__CR0050002135_PT0_SX1464_V1___.jpg\" class=\"attachment-full size-full wp-image-14263 wvs-archive-product-image\" alt=\"\" srcset=\"https:\/\/uniquesite.shop\/wp-content\/uploads\/2026\/01\/42f38a36-4650-4c13-b3e1-bb9c2c18c2fb.__CR0050002135_PT0_SX1464_V1___.jpg 1464w, https:\/\/uniquesite.shop\/wp-content\/uploads\/2026\/01\/42f38a36-4650-4c13-b3e1-bb9c2c18c2fb.__CR0050002135_PT0_SX1464_V1___-300x128.jpg 300w, https:\/\/uniquesite.shop\/wp-content\/uploads\/2026\/01\/42f38a36-4650-4c13-b3e1-bb9c2c18c2fb.__CR0050002135_PT0_SX1464_V1___-1024x437.jpg 1024w, https:\/\/uniquesite.shop\/wp-content\/uploads\/2026\/01\/42f38a36-4650-4c13-b3e1-bb9c2c18c2fb.__CR0050002135_PT0_SX1464_V1___-768x328.jpg 768w, https:\/\/uniquesite.shop\/wp-content\/uploads\/2026\/01\/42f38a36-4650-4c13-b3e1-bb9c2c18c2fb.__CR0050002135_PT0_SX1464_V1___-18x8.jpg 18w, https:\/\/uniquesite.shop\/wp-content\/uploads\/2026\/01\/42f38a36-4650-4c13-b3e1-bb9c2c18c2fb.__CR0050002135_PT0_SX1464_V1___-600x256.jpg 600w, https:\/\/uniquesite.shop\/wp-content\/uploads\/2026\/01\/42f38a36-4650-4c13-b3e1-bb9c2c18c2fb.__CR0050002135_PT0_SX1464_V1___-1x1.jpg 1w, https:\/\/uniquesite.shop\/wp-content\/uploads\/2026\/01\/42f38a36-4650-4c13-b3e1-bb9c2c18c2fb.__CR0050002135_PT0_SX1464_V1___-10x4.jpg 10w\" sizes=\"auto, (max-width: 1464px) 100vw, 1464px\" \/>\t\t\t\t\t\t\t\t\t\t\t\t\t\t\t<\/div>\n\t\t\t\t<\/div>\n\t\t\t\t<div class=\"elementor-element elementor-element-5daca4c0 elementor-widget elementor-widget-text-editor\" data-id=\"5daca4c0\" data-element_type=\"widget\" data-settings=\"{&quot;ekit_we_effect_on&quot;:&quot;none&quot;}\" data-widget_type=\"text-editor.default\">\n\t\t\t\t<div class=\"elementor-widget-container\">\n\t\t\t\t\t\t\t\t\t<hr class=\"bucketDivider\" noshade=\"noshade\" size=\"1\" \/><h2>Descripci\u00f3n del producto<\/h2>\t\t\t\t\t\t\t\t<\/div>\n\t\t\t\t<\/div>\n\t\t\t\t<div class=\"elementor-element elementor-element-45749918 elementor-widget elementor-widget-image\" data-id=\"45749918\" data-element_type=\"widget\" data-settings=\"{&quot;ekit_we_effect_on&quot;:&quot;none&quot;}\" data-widget_type=\"image.default\">\n\t\t\t\t<div class=\"elementor-widget-container\">\n\t\t\t\t\t\t\t\t\t\t\t\t\t\t\t<img loading=\"lazy\" decoding=\"async\" width=\"1464\" height=\"600\" src=\"https:\/\/uniquesite.shop\/wp-content\/uploads\/2026\/01\/ed8d76d8-6be3-4eef-8845-a3caaec6f1fc.__CR001464600_PT0_SX1464_V1___.jpg\" class=\"attachment-full size-full wp-image-14264 wvs-archive-product-image\" alt=\"\" srcset=\"https:\/\/uniquesite.shop\/wp-content\/uploads\/2026\/01\/ed8d76d8-6be3-4eef-8845-a3caaec6f1fc.__CR001464600_PT0_SX1464_V1___.jpg 1464w, https:\/\/uniquesite.shop\/wp-content\/uploads\/2026\/01\/ed8d76d8-6be3-4eef-8845-a3caaec6f1fc.__CR001464600_PT0_SX1464_V1___-300x123.jpg 300w, https:\/\/uniquesite.shop\/wp-content\/uploads\/2026\/01\/ed8d76d8-6be3-4eef-8845-a3caaec6f1fc.__CR001464600_PT0_SX1464_V1___-1024x420.jpg 1024w, https:\/\/uniquesite.shop\/wp-content\/uploads\/2026\/01\/ed8d76d8-6be3-4eef-8845-a3caaec6f1fc.__CR001464600_PT0_SX1464_V1___-768x315.jpg 768w, https:\/\/uniquesite.shop\/wp-content\/uploads\/2026\/01\/ed8d76d8-6be3-4eef-8845-a3caaec6f1fc.__CR001464600_PT0_SX1464_V1___-18x7.jpg 18w, https:\/\/uniquesite.shop\/wp-content\/uploads\/2026\/01\/ed8d76d8-6be3-4eef-8845-a3caaec6f1fc.__CR001464600_PT0_SX1464_V1___-600x246.jpg 600w, https:\/\/uniquesite.shop\/wp-content\/uploads\/2026\/01\/ed8d76d8-6be3-4eef-8845-a3caaec6f1fc.__CR001464600_PT0_SX1464_V1___-1x1.jpg 1w, https:\/\/uniquesite.shop\/wp-content\/uploads\/2026\/01\/ed8d76d8-6be3-4eef-8845-a3caaec6f1fc.__CR001464600_PT0_SX1464_V1___-10x4.jpg 10w\" sizes=\"auto, (max-width: 1464px) 100vw, 1464px\" \/>\t\t\t\t\t\t\t\t\t\t\t\t\t\t\t<\/div>\n\t\t\t\t<\/div>\n\t\t\t\t<div class=\"elementor-element elementor-element-16c111f2 elementor-widget elementor-widget-image\" data-id=\"16c111f2\" data-element_type=\"widget\" data-settings=\"{&quot;ekit_we_effect_on&quot;:&quot;none&quot;}\" data-widget_type=\"image.default\">\n\t\t\t\t<div class=\"elementor-widget-container\">\n\t\t\t\t\t\t\t\t\t\t\t\t\t\t\t<img loading=\"lazy\" decoding=\"async\" width=\"1464\" height=\"600\" src=\"https:\/\/uniquesite.shop\/wp-content\/uploads\/2026\/01\/8d2a49ed-3ec1-4dad-9170-e9efaa0ef1b4.__CR001464600_PT0_SX1464_V1___-1.jpg\" class=\"attachment-full size-full wp-image-14265 wvs-archive-product-image\" alt=\"\" srcset=\"https:\/\/uniquesite.shop\/wp-content\/uploads\/2026\/01\/8d2a49ed-3ec1-4dad-9170-e9efaa0ef1b4.__CR001464600_PT0_SX1464_V1___-1.jpg 1464w, https:\/\/uniquesite.shop\/wp-content\/uploads\/2026\/01\/8d2a49ed-3ec1-4dad-9170-e9efaa0ef1b4.__CR001464600_PT0_SX1464_V1___-1-300x123.jpg 300w, https:\/\/uniquesite.shop\/wp-content\/uploads\/2026\/01\/8d2a49ed-3ec1-4dad-9170-e9efaa0ef1b4.__CR001464600_PT0_SX1464_V1___-1-1024x420.jpg 1024w, https:\/\/uniquesite.shop\/wp-content\/uploads\/2026\/01\/8d2a49ed-3ec1-4dad-9170-e9efaa0ef1b4.__CR001464600_PT0_SX1464_V1___-1-768x315.jpg 768w, https:\/\/uniquesite.shop\/wp-content\/uploads\/2026\/01\/8d2a49ed-3ec1-4dad-9170-e9efaa0ef1b4.__CR001464600_PT0_SX1464_V1___-1-18x7.jpg 18w, https:\/\/uniquesite.shop\/wp-content\/uploads\/2026\/01\/8d2a49ed-3ec1-4dad-9170-e9efaa0ef1b4.__CR001464600_PT0_SX1464_V1___-1-600x246.jpg 600w, https:\/\/uniquesite.shop\/wp-content\/uploads\/2026\/01\/8d2a49ed-3ec1-4dad-9170-e9efaa0ef1b4.__CR001464600_PT0_SX1464_V1___-1-1x1.jpg 1w, https:\/\/uniquesite.shop\/wp-content\/uploads\/2026\/01\/8d2a49ed-3ec1-4dad-9170-e9efaa0ef1b4.__CR001464600_PT0_SX1464_V1___-1-10x4.jpg 10w\" sizes=\"auto, (max-width: 1464px) 100vw, 1464px\" \/>\t\t\t\t\t\t\t\t\t\t\t\t\t\t\t<\/div>\n\t\t\t\t<\/div>\n\t\t\t\t<div class=\"elementor-element elementor-element-36bfb3c2 elementor-widget elementor-widget-image\" data-id=\"36bfb3c2\" data-element_type=\"widget\" data-settings=\"{&quot;ekit_we_effect_on&quot;:&quot;none&quot;}\" data-widget_type=\"image.default\">\n\t\t\t\t<div class=\"elementor-widget-container\">\n\t\t\t\t\t\t\t\t\t\t\t\t\t\t\t<img loading=\"lazy\" decoding=\"async\" width=\"1464\" height=\"600\" src=\"https:\/\/uniquesite.shop\/wp-content\/uploads\/2026\/01\/a5327a01-0123-4d7f-86f8-1e9f1471a8e9.__CR001464600_PT0_SX1464_V1___.jpg\" class=\"attachment-full size-full wp-image-14266 wvs-archive-product-image\" alt=\"\" srcset=\"https:\/\/uniquesite.shop\/wp-content\/uploads\/2026\/01\/a5327a01-0123-4d7f-86f8-1e9f1471a8e9.__CR001464600_PT0_SX1464_V1___.jpg 1464w, https:\/\/uniquesite.shop\/wp-content\/uploads\/2026\/01\/a5327a01-0123-4d7f-86f8-1e9f1471a8e9.__CR001464600_PT0_SX1464_V1___-300x123.jpg 300w, https:\/\/uniquesite.shop\/wp-content\/uploads\/2026\/01\/a5327a01-0123-4d7f-86f8-1e9f1471a8e9.__CR001464600_PT0_SX1464_V1___-1024x420.jpg 1024w, https:\/\/uniquesite.shop\/wp-content\/uploads\/2026\/01\/a5327a01-0123-4d7f-86f8-1e9f1471a8e9.__CR001464600_PT0_SX1464_V1___-768x315.jpg 768w, https:\/\/uniquesite.shop\/wp-content\/uploads\/2026\/01\/a5327a01-0123-4d7f-86f8-1e9f1471a8e9.__CR001464600_PT0_SX1464_V1___-18x7.jpg 18w, https:\/\/uniquesite.shop\/wp-content\/uploads\/2026\/01\/a5327a01-0123-4d7f-86f8-1e9f1471a8e9.__CR001464600_PT0_SX1464_V1___-600x246.jpg 600w, https:\/\/uniquesite.shop\/wp-content\/uploads\/2026\/01\/a5327a01-0123-4d7f-86f8-1e9f1471a8e9.__CR001464600_PT0_SX1464_V1___-1x1.jpg 1w, https:\/\/uniquesite.shop\/wp-content\/uploads\/2026\/01\/a5327a01-0123-4d7f-86f8-1e9f1471a8e9.__CR001464600_PT0_SX1464_V1___-10x4.jpg 10w\" sizes=\"auto, (max-width: 1464px) 100vw, 1464px\" \/>\t\t\t\t\t\t\t\t\t\t\t\t\t\t\t<\/div>\n\t\t\t\t<\/div>\n\t\t\t\t<div class=\"elementor-element elementor-element-23e0223e elementor--h-position-center elementor--v-position-middle elementor-arrows-position-inside elementor-pagination-position-inside elementor-widget elementor-widget-slides\" data-id=\"23e0223e\" data-element_type=\"widget\" data-settings=\"{&quot;navigation&quot;:&quot;both&quot;,&quot;autoplay&quot;:&quot;yes&quot;,&quot;pause_on_hover&quot;:&quot;yes&quot;,&quot;pause_on_interaction&quot;:&quot;yes&quot;,&quot;autoplay_speed&quot;:5000,&quot;infinite&quot;:&quot;yes&quot;,&quot;transition&quot;:&quot;slide&quot;,&quot;transition_speed&quot;:500,&quot;ekit_we_effect_on&quot;:&quot;none&quot;}\" data-widget_type=\"slides.default\">\n\t\t\t\t<div class=\"elementor-widget-container\">\n\t\t\t\t\t\t\t\t\t<div class=\"elementor-swiper\">\r\n\t\t\t\t\t<div class=\"elementor-slides-wrapper elementor-main-swiper swiper\" role=\"region\" aria-roledescription=\"carousel\" aria-label=\"Diapositivas\" dir=\"ltr\" data-animation=\"fadeInUp\">\r\n\t\t\t\t<div class=\"swiper-wrapper elementor-slides\">\r\n\t\t\t\t\t\t\t\t\t\t<div class=\"elementor-repeater-item-ada072d swiper-slide\" role=\"group\" aria-roledescription=\"slide\"><div class=\"swiper-slide-bg\" role=\"img\" aria-label=\"b9c76e17-cfaa-4325-bba7-116298c5c303.__CR001464600_PT0_SX1464_V1___.jpg\"><\/div><div class=\"swiper-slide-inner\" ><div class=\"swiper-slide-contents\"><\/div><\/div><\/div><div class=\"elementor-repeater-item-90159c2 swiper-slide\" role=\"group\" aria-roledescription=\"slide\"><div class=\"swiper-slide-bg\" role=\"img\" aria-label=\"dd6d3ec7-85a5-4431-8b08-4b9e7dffd004.__CR001464600_PT0_SX1464_V1___.jpg\"><\/div><div class=\"swiper-slide-inner\" ><div class=\"swiper-slide-contents\"><\/div><\/div><\/div><div class=\"elementor-repeater-item-a7c2113 swiper-slide\" role=\"group\" aria-roledescription=\"slide\"><div class=\"swiper-slide-bg\" role=\"img\" aria-label=\"eb7a3458-6767-46a9-909a-5871a0473fe3.__CR001464600_PT0_SX1464_V1___.jpg\"><\/div><div class=\"swiper-slide-inner\" ><div class=\"swiper-slide-contents\"><\/div><\/div><\/div><div class=\"elementor-repeater-item-c76ff63 swiper-slide\" role=\"group\" aria-roledescription=\"slide\"><div class=\"swiper-slide-bg\" role=\"img\" aria-label=\"12ad781c-49b3-483f-a48a-16ff65d3c428.__CR001464600_PT0_SX1464_V1___.jpg\"><\/div><div class=\"swiper-slide-inner\" ><div class=\"swiper-slide-contents\"><\/div><\/div><\/div><div class=\"elementor-repeater-item-5a72f04 swiper-slide\" role=\"group\" aria-roledescription=\"slide\"><div class=\"swiper-slide-bg\" role=\"img\" aria-label=\"a28c1339-cc5a-44ac-b6da-399ca645cec3.__CR001464600_PT0_SX1464_V1___.jpg\"><\/div><div class=\"swiper-slide-inner\" ><div class=\"swiper-slide-contents\"><div class=\"elementor-slide-description\">.<\/div><\/div><\/div><\/div>\t\t\t\t<\/div>\r\n\t\t\t\t\t\t\t\t\t\t\t\t\t\t\t<div class=\"elementor-swiper-button elementor-swiper-button-prev\" role=\"button\" tabindex=\"0\" aria-label=\"Diapositiva anterior\">\r\n\t\t\t\t\t\t\t<svg aria-hidden=\"true\" class=\"e-font-icon-svg e-eicon-chevron-left\" viewbox=\"0 0 1000 1000\" xmlns=\"http:\/\/www.w3.org\/2000\/svg\"><path d=\"M646 125C629 125 613 133 604 142L308 442C296 454 292 471 292 487 292 504 296 521 308 533L604 854C617 867 629 875 646 875 663 875 679 871 692 858 704 846 713 829 713 812 713 796 708 779 692 767L438 487 692 225C700 217 708 204 708 187 708 171 704 154 692 142 675 129 663 125 646 125Z\"><\/path><\/svg>\t\t\t\t\t\t<\/div>\r\n\t\t\t\t\t\t<div class=\"elementor-swiper-button elementor-swiper-button-next\" role=\"button\" tabindex=\"0\" aria-label=\"Siguiente diapositiva\">\r\n\t\t\t\t\t\t\t<svg aria-hidden=\"true\" class=\"e-font-icon-svg e-eicon-chevron-right\" viewbox=\"0 0 1000 1000\" xmlns=\"http:\/\/www.w3.org\/2000\/svg\"><path d=\"M696 533C708 521 713 504 713 487 713 471 708 454 696 446L400 146C388 133 375 125 354 125 338 125 325 129 313 142 300 154 292 171 292 187 292 204 296 221 308 233L563 492 304 771C292 783 288 800 288 817 288 833 296 850 308 863 321 871 338 875 354 875 371 875 388 867 400 854L696 533Z\"><\/path><\/svg>\t\t\t\t\t\t<\/div>\r\n\t\t\t\t\t\t\t\t\t\t\t\t\t\t\t\t<div class=\"swiper-pagination\"><\/div>\r\n\t\t\t\t\t\t\t\t\t\t\t\t<\/div>\r\n\t\t\t\t<\/div>\r\n\t\t\t\t\t\t\t\t<\/div>\n\t\t\t\t<\/div>\n\t\t\t\t<div class=\"elementor-element elementor-element-21a7c1f1 elementor-widget elementor-widget-text-editor\" data-id=\"21a7c1f1\" data-element_type=\"widget\" data-settings=\"{&quot;ekit_we_effect_on&quot;:&quot;none&quot;}\" data-widget_type=\"text-editor.default\">\n\t\t\t\t<div class=\"elementor-widget-container\">\n\t\t\t\t\t\t\t\t\t<!DOCTYPE html>\n<html lang=\"en\">\n<head>\n    <meta charset=\"UTF-8\">\n    <meta name=\"viewport\" content=\"width=device-width, initial-scale=1.0\">\n    <title>Allergen &#038; Nutrition Information<\/title>\n    <style>\n        * {\n            margin: 0;\n            padding: 0;\n            box-sizing: border-box;\n            font-family: 'Segoe UI', Tahoma, Geneva, Verdana, sans-serif;\n        }\n        \n        body {\n            background-color: #f8f9fa;\n            padding: 30px;\n            color: #333;\n            line-height: 1.6;\n        }\n        \n        .container {\n            max-width: 900px;\n            margin: 0 auto;\n            background-color: white;\n            border-radius: 10px;\n            box-shadow: 0 5px 20px rgba(0, 0, 0, 0.08);\n            overflow: hidden;\n        }\n        \n        .header {\n            background: linear-gradient(to right, #4a6fa5, #6b8cbc);\n            color: white;\n            padding: 25px 30px;\n        }\n        \n        .header h1 {\n            font-size: 28px;\n            margin-bottom: 8px;\n            font-weight: 600;\n        }\n        \n        .header p {\n            opacity: 0.9;\n            font-size: 16px;\n        }\n        \n        .info-table {\n            width: 100%;\n            border-collapse: collapse;\n        }\n        \n        .info-row {\n            border-bottom: 1px solid #e1e5eb;\n        }\n        \n        .info-row:last-child {\n            border-bottom: none;\n        }\n        \n        .info-label, .info-value {\n            padding: 20px 30px;\n            text-align: left;\n            vertical-align: top;\n            font-size: 17px;\n        }\n        \n        .info-label {\n            width: 40%;\n            font-weight: 600;\n            color: #2c3e50;\n            border-right: 1px solid #f0f2f5;\n            background-color: #fafbfd;\n        }\n        \n        .info-value {\n            width: 60%;\n            color: #4a5568;\n        }\n        \n        .highlight {\n            color: #e53e3e;\n            font-weight: 600;\n            background-color: #fff5f5;\n            padding: 2px 6px;\n            border-radius: 4px;\n        }\n        \n        .note {\n            padding: 20px 30px;\n            background-color: #f8f9fa;\n            border-top: 1px solid #e9ecef;\n            font-size: 15px;\n            color: #6c757d;\n            line-height: 1.5;\n        }\n        \n        .footer {\n            text-align: center;\n            padding: 20px;\n            color: #6c757d;\n            font-size: 14px;\n            border-top: 1px solid #e9ecef;\n            background-color: #f8f9fa;\n        }\n        \n        @media (max-width: 768px) {\n            body {\n                padding: 15px;\n            }\n            \n            .info-label, .info-value {\n                padding: 15px 20px;\n                font-size: 16px;\n            }\n            \n            .header {\n                padding: 20px;\n            }\n            \n            .header h1 {\n                font-size: 24px;\n            }\n        }\n        \n        @media (max-width: 576px) {\n            .info-label, .info-value {\n                display: block;\n                width: 100%;\n                border-right: none;\n            }\n            \n            .info-label {\n                border-bottom: 1px solid #f0f2f5;\n                padding-bottom: 8px;\n            }\n            \n            .info-value {\n                padding-top: 8px;\n            }\n            \n            .info-row {\n                border-bottom: 2px solid #e1e5eb;\n            }\n        }\n    <\/style>\n<\/head>\n<body>\n    <div class=\"container\">\n        <div class=\"header\">\n            <h1>Informaci\u00f3n sobre el producto<\/h1>\n            <p>Informaci\u00f3n nutricional y sobre al\u00e9rgenos del producto MORE NUTRITION<\/p>\n        <\/div>\n        \n        <table class=\"info-table\">\n            <tbody>\n                <tr class=\"info-row\">\n                    <td class=\"info-label\">Informaci\u00f3n sobre al\u00e9rgenos<\/td>\n                    <td class=\"info-value\"><span class=\"highlight\">Contiene: L\u00e1cteos puede contener, Avena<\/span><\/td>\n                <\/tr>\n                <tr class=\"info-row\">\n                    <td class=\"info-label\">Unidades<\/td>\n                    <td class=\"info-value\">600,0 gramos<\/td>\n                <\/tr>\n                <tr class=\"info-row\">\n                    <td class=\"info-label\">Marca<\/td>\n                    <td class=\"info-value\">M\u00c1S NUTRICI\u00d3N<\/td>\n                <\/tr>\n                <tr class=\"info-row\">\n                    <td class=\"info-label\">Formato<\/td>\n                    <td class=\"info-value\">Polvo<\/td>\n                <\/tr>\n                <tr class=\"info-row\">\n                    <td class=\"info-label\">Rango de edad Descripci\u00f3n<\/td>\n                    <td class=\"info-value\">Adultos<\/td>\n                <\/tr>\n                <tr class=\"info-row\">\n                    <td class=\"info-label\">Informaci\u00f3n nutricional<\/td>\n                    <td class=\"info-value\">Por porci\u00f3n como se describe a continuaci\u00f3n<\/td>\n                <\/tr>\n                <tr class=\"info-row\">\n                    <td class=\"info-label\">Dosis<\/td>\n                    <td class=\"info-value\">1 g<\/td>\n                <\/tr>\n            <\/tbody>\n        <\/table>\n        \n        <div class=\"note\">\n            <p><strong>Nota:<\/strong> Este producto contiene productos l\u00e1cteos y puede contener avena. Consulte con un profesional sanitario si tiene alergias alimentarias o restricciones diet\u00e9ticas. Los valores nutricionales se basan en una raci\u00f3n de 1 g. Lea siempre la etiqueta antes de consumirlo.<\/p>\n        <\/div>\n        \n        <div class=\"footer\">\n            <p>La informaci\u00f3n sobre los productos est\u00e1 sujeta a cambios. Consulte siempre el envase para obtener los datos m\u00e1s actualizados.<\/p>\n        <\/div>\n    <\/div>\n\n    <script>\n        \/\/ \u6dfb\u52a0\u7b80\u5355\u7684\u4ea4\u4e92\u6548\u679c\n        document.addEventListener('DOMContentLoaded', function() {\n            const rows = document.querySelectorAll('.info-row');\n            \n            rows.forEach(row => {\n                row.addEventListener('mouseenter', function() {\n                    this.style.backgroundColor = '#f8f9fa';\n                    this.style.transition = 'background-color 0.2s ease';\n                });\n                \n                row.addEventListener('mouseleave', function() {\n                    this.style.backgroundColor = '';\n                });\n            });\n            \n            \/\/ \u9ad8\u4eae\u8fc7\u654f\u539f\u4fe1\u606f\n            const allergenValue = document.querySelector('.info-value .highlight');\n            if (allergenValue) {\n                allergenValue.addEventListener('click', function() {\n                    this.style.backgroundColor = this.style.backgroundColor === 'rgb(255, 240, 240)' ? '#fff5f5' : '#fff0f0';\n                });\n            }\n        });\n    <\/script>\n<\/body>\n<\/html>\t\t\t\t\t\t\t\t<\/div>\n\t\t\t\t<\/div>\n\t\t\t\t\t<\/div>\n\t\t\t\t<\/div>\n\t\t\t\t<\/div>","protected":false},"excerpt":{"rendered":"<p>Important information Ingredients:MILK Protein Concentrate 55%, Whole Wheat OATS (gluten free) 39%, Glucomannan (from Konjac Root) 2%, Psyllium Husk Powder,&#8230;<\/p>","protected":false},"featured_media":14144,"comment_status":"open","ping_status":"closed","template":"","meta":{"_acf_changed":false},"etheme_brands":[],"product_brand":[],"product_cat":[118],"product_tag":[],"class_list":{"0":"post-14077","1":"product","2":"type-product","3":"status-publish","4":"has-post-thumbnail","6":"product_cat-sale-shop","8":"first","9":"instock","10":"sale","11":"shipping-taxable","12":"purchasable","13":"product-type-simple"},"acf":[],"_links":{"self":[{"href":"https:\/\/uniquesite.shop\/es\/wp-json\/wp\/v2\/product\/14077","targetHints":{"allow":["GET"]}}],"collection":[{"href":"https:\/\/uniquesite.shop\/es\/wp-json\/wp\/v2\/product"}],"about":[{"href":"https:\/\/uniquesite.shop\/es\/wp-json\/wp\/v2\/types\/product"}],"replies":[{"embeddable":true,"href":"https:\/\/uniquesite.shop\/es\/wp-json\/wp\/v2\/comments?post=14077"}],"version-history":[{"count":4,"href":"https:\/\/uniquesite.shop\/es\/wp-json\/wp\/v2\/product\/14077\/revisions"}],"predecessor-version":[{"id":14279,"href":"https:\/\/uniquesite.shop\/es\/wp-json\/wp\/v2\/product\/14077\/revisions\/14279"}],"wp:featuredmedia":[{"embeddable":true,"href":"https:\/\/uniquesite.shop\/es\/wp-json\/wp\/v2\/media\/14144"}],"wp:attachment":[{"href":"https:\/\/uniquesite.shop\/es\/wp-json\/wp\/v2\/media?parent=14077"}],"wp:term":[{"taxonomy":"brand","embeddable":true,"href":"https:\/\/uniquesite.shop\/es\/wp-json\/wp\/v2\/etheme_brands?post=14077"},{"taxonomy":"product_brand","embeddable":true,"href":"https:\/\/uniquesite.shop\/es\/wp-json\/wp\/v2\/product_brand?post=14077"},{"taxonomy":"product_cat","embeddable":true,"href":"https:\/\/uniquesite.shop\/es\/wp-json\/wp\/v2\/product_cat?post=14077"},{"taxonomy":"product_tag","embeddable":true,"href":"https:\/\/uniquesite.shop\/es\/wp-json\/wp\/v2\/product_tag?post=14077"}],"curies":[{"name":"wp","href":"https:\/\/api.w.org\/{rel}","templated":true}]}}