{"id":14083,"date":"2026-01-28T11:55:28","date_gmt":"2026-01-28T11:55:28","guid":{"rendered":"https:\/\/uniquesite.shop\/?post_type=product&#038;p=14083"},"modified":"2026-01-29T10:48:27","modified_gmt":"2026-01-29T10:48:27","slug":"amerikanische-susigkeiten-box-xl-leckere-usa-snacks-von-sweets-aus-aller-welt","status":"publish","type":"product","link":"https:\/\/uniquesite.shop\/es\/producto\/amerikanische-susigkeiten-box-xl-leckere-usa-snacks-von-sweets-aus-aller-welt\/","title":{"rendered":"Amerikanische S\u00fc\u00dfigkeiten Box XL - Leckere USA Snacks von Sweets aus aller Welt"},"content":{"rendered":"<div data-elementor-type=\"product-post\" data-elementor-id=\"14083\" class=\"elementor elementor-14083\" data-elementor-post-type=\"product\">\n\t\t\t\t<div class=\"elementor-element elementor-element-41234c5b e-flex e-con-boxed e-con e-parent\" data-id=\"41234c5b\" data-element_type=\"container\" data-settings=\"{&quot;ekit_has_onepagescroll_dot&quot;:&quot;yes&quot;}\">\n\t\t\t\t\t<div class=\"e-con-inner\">\n\t\t\t\t<div class=\"elementor-element elementor-element-652e27de elementor-widget elementor-widget-image\" data-id=\"652e27de\" data-element_type=\"widget\" data-settings=\"{&quot;ekit_we_effect_on&quot;:&quot;none&quot;}\" data-widget_type=\"image.default\">\n\t\t\t\t<div class=\"elementor-widget-container\">\n\t\t\t\t\t\t\t\t\t\t\t\t\t\t\t<img loading=\"lazy\" decoding=\"async\" width=\"800\" height=\"800\" src=\"https:\/\/uniquesite.shop\/wp-content\/uploads\/2026\/01\/Bild_4_generell_alle_1.webp\" class=\"attachment-full size-full wp-image-14366 wvs-archive-product-image\" alt=\"\" srcset=\"https:\/\/uniquesite.shop\/wp-content\/uploads\/2026\/01\/Bild_4_generell_alle_1.webp 800w, https:\/\/uniquesite.shop\/wp-content\/uploads\/2026\/01\/Bild_4_generell_alle_1-300x300.webp 300w, https:\/\/uniquesite.shop\/wp-content\/uploads\/2026\/01\/Bild_4_generell_alle_1-150x150.webp 150w, https:\/\/uniquesite.shop\/wp-content\/uploads\/2026\/01\/Bild_4_generell_alle_1-768x768.webp 768w, https:\/\/uniquesite.shop\/wp-content\/uploads\/2026\/01\/Bild_4_generell_alle_1-12x12.webp 12w, https:\/\/uniquesite.shop\/wp-content\/uploads\/2026\/01\/Bild_4_generell_alle_1-600x600.webp 600w, https:\/\/uniquesite.shop\/wp-content\/uploads\/2026\/01\/Bild_4_generell_alle_1-100x100.webp 100w, https:\/\/uniquesite.shop\/wp-content\/uploads\/2026\/01\/Bild_4_generell_alle_1-50x50.webp 50w, https:\/\/uniquesite.shop\/wp-content\/uploads\/2026\/01\/Bild_4_generell_alle_1-1x1.webp 1w, https:\/\/uniquesite.shop\/wp-content\/uploads\/2026\/01\/Bild_4_generell_alle_1-10x10.webp 10w\" sizes=\"auto, (max-width: 800px) 100vw, 800px\" \/>\t\t\t\t\t\t\t\t\t\t\t\t\t\t\t<\/div>\n\t\t\t\t<\/div>\n\t\t\t\t<div class=\"elementor-element elementor-element-3b23967 elementor-widget elementor-widget-image\" data-id=\"3b23967\" data-element_type=\"widget\" data-settings=\"{&quot;ekit_we_effect_on&quot;:&quot;none&quot;}\" data-widget_type=\"image.default\">\n\t\t\t\t<div class=\"elementor-widget-container\">\n\t\t\t\t\t\t\t\t\t\t\t\t\t\t\t<img loading=\"lazy\" decoding=\"async\" width=\"800\" height=\"800\" src=\"https:\/\/uniquesite.shop\/wp-content\/uploads\/2026\/01\/Leckere_Weltreise_kleine_Boxen_4-1.webp\" class=\"attachment-full size-full wp-image-14367 wvs-archive-product-image\" alt=\"\" srcset=\"https:\/\/uniquesite.shop\/wp-content\/uploads\/2026\/01\/Leckere_Weltreise_kleine_Boxen_4-1.webp 800w, https:\/\/uniquesite.shop\/wp-content\/uploads\/2026\/01\/Leckere_Weltreise_kleine_Boxen_4-1-300x300.webp 300w, https:\/\/uniquesite.shop\/wp-content\/uploads\/2026\/01\/Leckere_Weltreise_kleine_Boxen_4-1-150x150.webp 150w, https:\/\/uniquesite.shop\/wp-content\/uploads\/2026\/01\/Leckere_Weltreise_kleine_Boxen_4-1-768x768.webp 768w, https:\/\/uniquesite.shop\/wp-content\/uploads\/2026\/01\/Leckere_Weltreise_kleine_Boxen_4-1-12x12.webp 12w, https:\/\/uniquesite.shop\/wp-content\/uploads\/2026\/01\/Leckere_Weltreise_kleine_Boxen_4-1-600x600.webp 600w, https:\/\/uniquesite.shop\/wp-content\/uploads\/2026\/01\/Leckere_Weltreise_kleine_Boxen_4-1-100x100.webp 100w, https:\/\/uniquesite.shop\/wp-content\/uploads\/2026\/01\/Leckere_Weltreise_kleine_Boxen_4-1-50x50.webp 50w, https:\/\/uniquesite.shop\/wp-content\/uploads\/2026\/01\/Leckere_Weltreise_kleine_Boxen_4-1-1x1.webp 1w, https:\/\/uniquesite.shop\/wp-content\/uploads\/2026\/01\/Leckere_Weltreise_kleine_Boxen_4-1-10x10.webp 10w\" sizes=\"auto, (max-width: 800px) 100vw, 800px\" \/>\t\t\t\t\t\t\t\t\t\t\t\t\t\t\t<\/div>\n\t\t\t\t<\/div>\n\t\t\t\t<div class=\"elementor-element elementor-element-563610a1 elementor-widget elementor-widget-image\" data-id=\"563610a1\" data-element_type=\"widget\" data-settings=\"{&quot;ekit_we_effect_on&quot;:&quot;none&quot;}\" data-widget_type=\"image.default\">\n\t\t\t\t<div class=\"elementor-widget-container\">\n\t\t\t\t\t\t\t\t\t\t\t\t\t\t\t<img loading=\"lazy\" decoding=\"async\" width=\"800\" height=\"800\" src=\"https:\/\/uniquesite.shop\/wp-content\/uploads\/2026\/01\/Leckersten_suessigkeiten_normal_3-1.webp\" class=\"attachment-full size-full wp-image-14368 wvs-archive-product-image\" alt=\"\" srcset=\"https:\/\/uniquesite.shop\/wp-content\/uploads\/2026\/01\/Leckersten_suessigkeiten_normal_3-1.webp 800w, https:\/\/uniquesite.shop\/wp-content\/uploads\/2026\/01\/Leckersten_suessigkeiten_normal_3-1-300x300.webp 300w, https:\/\/uniquesite.shop\/wp-content\/uploads\/2026\/01\/Leckersten_suessigkeiten_normal_3-1-150x150.webp 150w, https:\/\/uniquesite.shop\/wp-content\/uploads\/2026\/01\/Leckersten_suessigkeiten_normal_3-1-768x768.webp 768w, https:\/\/uniquesite.shop\/wp-content\/uploads\/2026\/01\/Leckersten_suessigkeiten_normal_3-1-12x12.webp 12w, https:\/\/uniquesite.shop\/wp-content\/uploads\/2026\/01\/Leckersten_suessigkeiten_normal_3-1-600x600.webp 600w, https:\/\/uniquesite.shop\/wp-content\/uploads\/2026\/01\/Leckersten_suessigkeiten_normal_3-1-100x100.webp 100w, https:\/\/uniquesite.shop\/wp-content\/uploads\/2026\/01\/Leckersten_suessigkeiten_normal_3-1-50x50.webp 50w, https:\/\/uniquesite.shop\/wp-content\/uploads\/2026\/01\/Leckersten_suessigkeiten_normal_3-1-1x1.webp 1w, https:\/\/uniquesite.shop\/wp-content\/uploads\/2026\/01\/Leckersten_suessigkeiten_normal_3-1-10x10.webp 10w\" sizes=\"auto, (max-width: 800px) 100vw, 800px\" \/>\t\t\t\t\t\t\t\t\t\t\t\t\t\t\t<\/div>\n\t\t\t\t<\/div>\n\t\t\t\t<div class=\"elementor-element elementor-element-322259e elementor-widget elementor-widget-image\" data-id=\"322259e\" data-element_type=\"widget\" data-settings=\"{&quot;ekit_we_effect_on&quot;:&quot;none&quot;}\" data-widget_type=\"image.default\">\n\t\t\t\t<div class=\"elementor-widget-container\">\n\t\t\t\t\t\t\t\t\t\t\t\t\t\t\t<img loading=\"lazy\" decoding=\"async\" width=\"800\" height=\"800\" src=\"https:\/\/uniquesite.shop\/wp-content\/uploads\/2026\/01\/WhatsApp_Image_2026-01-18_at_14.06.00.webp\" class=\"attachment-full size-full wp-image-14369 wvs-archive-product-image\" alt=\"\" srcset=\"https:\/\/uniquesite.shop\/wp-content\/uploads\/2026\/01\/WhatsApp_Image_2026-01-18_at_14.06.00.webp 800w, https:\/\/uniquesite.shop\/wp-content\/uploads\/2026\/01\/WhatsApp_Image_2026-01-18_at_14.06.00-300x300.webp 300w, https:\/\/uniquesite.shop\/wp-content\/uploads\/2026\/01\/WhatsApp_Image_2026-01-18_at_14.06.00-150x150.webp 150w, https:\/\/uniquesite.shop\/wp-content\/uploads\/2026\/01\/WhatsApp_Image_2026-01-18_at_14.06.00-768x768.webp 768w, https:\/\/uniquesite.shop\/wp-content\/uploads\/2026\/01\/WhatsApp_Image_2026-01-18_at_14.06.00-12x12.webp 12w, https:\/\/uniquesite.shop\/wp-content\/uploads\/2026\/01\/WhatsApp_Image_2026-01-18_at_14.06.00-600x600.webp 600w, https:\/\/uniquesite.shop\/wp-content\/uploads\/2026\/01\/WhatsApp_Image_2026-01-18_at_14.06.00-100x100.webp 100w, https:\/\/uniquesite.shop\/wp-content\/uploads\/2026\/01\/WhatsApp_Image_2026-01-18_at_14.06.00-50x50.webp 50w, https:\/\/uniquesite.shop\/wp-content\/uploads\/2026\/01\/WhatsApp_Image_2026-01-18_at_14.06.00-1x1.webp 1w, https:\/\/uniquesite.shop\/wp-content\/uploads\/2026\/01\/WhatsApp_Image_2026-01-18_at_14.06.00-10x10.webp 10w\" sizes=\"auto, (max-width: 800px) 100vw, 800px\" \/>\t\t\t\t\t\t\t\t\t\t\t\t\t\t\t<\/div>\n\t\t\t\t<\/div>\n\t\t\t\t<div class=\"elementor-element elementor-element-5120159e elementor-widget elementor-widget-text-editor\" data-id=\"5120159e\" data-element_type=\"widget\" data-settings=\"{&quot;ekit_we_effect_on&quot;:&quot;none&quot;}\" data-widget_type=\"text-editor.default\">\n\t\t\t\t<div class=\"elementor-widget-container\">\n\t\t\t\t\t\t\t\t\t<!DOCTYPE html>\n<html lang=\"de\">\n<head>\n    <meta charset=\"UTF-8\">\n    <title>Technische Details<\/title>\n    <style>\n        table {\n            width: 100%;\n            border-collapse: collapse;\n        }\n        tr {\n            border-bottom: 1px solid #ddd;\n        }\n        td {\n            padding: 12px 15px;\n            text-align: left;\n            vertical-align: top;\n        }\n        td:first-child {\n            width: 40%;\n            font-weight: bold;\n        }\n        .header {\n            margin-bottom: 25px;\n        }\n        .main-title {\n            font-size: 24px;\n            font-weight: bold;\n            margin-bottom: 5px;\n        }\n        .sub-title {\n            font-size: 16px;\n            color: #555;\n            margin-bottom: 20px;\n        }\n    <\/style>\n<\/head>\n<body>\n    <div class=\"header\">\n        <div class=\"main-title\">Detalles t\u00e9cnicos<\/div>\n        <div class=\"sub-title\">Informaci\u00f3n general sobre el producto<\/div>\n    <\/div>\n    \n    <table>\n        <tr>\n            <td>Anzahl der Einheiten<\/td>\n            <td>1 Anzahl<\/td>\n        <\/tr>\n        <tr>\n            <td>Nombre de la serie<\/td>\n            <td>S\u00fc\u00dfigkeiten Box mit 24 St\u00fcck<\/td>\n        <\/tr>\n        <tr>\n            <td>Hersteller<\/td>\n            <td>Dulces de todo el mundo<\/td>\n        <\/tr>\n        <tr>\n            <td>Produktabmessungen<\/td>\n            <td>32 x 22 x 9,5 cm<\/td>\n        <\/tr>\n        <tr>\n            <td>Altersstufe<\/td>\n            <td>Todas las edades<\/td>\n        <\/tr>\n        <tr>\n            <td>Artikelgewicht<\/td>\n            <td>1,23 Kilogramos<\/td>\n        <\/tr>\n    <\/table>\n<\/body>\n<\/html>\t\t\t\t\t\t\t\t<\/div>\n\t\t\t\t<\/div>\n\t\t\t\t\t<\/div>\n\t\t\t\t<\/div>\n\t\t\t\t<\/div>","protected":false},"excerpt":{"rendered":"<p>Technische Details Technische Details Allgemeine Produktinformationen Anzahl der Einheiten 1 Anzahl Namen des Sets S\u00fc\u00dfigkeiten Box mit 24 St\u00fcck Hersteller&#8230;<\/p>","protected":false},"featured_media":14196,"comment_status":"open","ping_status":"closed","template":"","meta":{"_acf_changed":false},"etheme_brands":[],"product_brand":[],"product_cat":[118],"product_tag":[],"class_list":{"0":"post-14083","1":"product","2":"type-product","3":"status-publish","4":"has-post-thumbnail","6":"product_cat-sale-shop","8":"first","9":"instock","10":"sale","11":"shipping-taxable","12":"purchasable","13":"product-type-simple"},"acf":[],"_links":{"self":[{"href":"https:\/\/uniquesite.shop\/es\/wp-json\/wp\/v2\/product\/14083","targetHints":{"allow":["GET"]}}],"collection":[{"href":"https:\/\/uniquesite.shop\/es\/wp-json\/wp\/v2\/product"}],"about":[{"href":"https:\/\/uniquesite.shop\/es\/wp-json\/wp\/v2\/types\/product"}],"replies":[{"embeddable":true,"href":"https:\/\/uniquesite.shop\/es\/wp-json\/wp\/v2\/comments?post=14083"}],"version-history":[{"count":9,"href":"https:\/\/uniquesite.shop\/es\/wp-json\/wp\/v2\/product\/14083\/revisions"}],"predecessor-version":[{"id":14388,"href":"https:\/\/uniquesite.shop\/es\/wp-json\/wp\/v2\/product\/14083\/revisions\/14388"}],"wp:featuredmedia":[{"embeddable":true,"href":"https:\/\/uniquesite.shop\/es\/wp-json\/wp\/v2\/media\/14196"}],"wp:attachment":[{"href":"https:\/\/uniquesite.shop\/es\/wp-json\/wp\/v2\/media?parent=14083"}],"wp:term":[{"taxonomy":"brand","embeddable":true,"href":"https:\/\/uniquesite.shop\/es\/wp-json\/wp\/v2\/etheme_brands?post=14083"},{"taxonomy":"product_brand","embeddable":true,"href":"https:\/\/uniquesite.shop\/es\/wp-json\/wp\/v2\/product_brand?post=14083"},{"taxonomy":"product_cat","embeddable":true,"href":"https:\/\/uniquesite.shop\/es\/wp-json\/wp\/v2\/product_cat?post=14083"},{"taxonomy":"product_tag","embeddable":true,"href":"https:\/\/uniquesite.shop\/es\/wp-json\/wp\/v2\/product_tag?post=14083"}],"curies":[{"name":"wp","href":"https:\/\/api.w.org\/{rel}","templated":true}]}}