{"id":14395,"date":"2026-03-04T05:37:45","date_gmt":"2026-03-04T05:37:45","guid":{"rendered":"https:\/\/uniquesite.shop\/?post_type=product&#038;p=14395"},"modified":"2026-03-05T06:25:07","modified_gmt":"2026-03-05T06:25:07","slug":"10-1-android-tablet-set-8-core-8gb-ram-64gb-storage-includes-bluetooth-keyboard-mouse-portable-smart-device","status":"publish","type":"product","link":"https:\/\/uniquesite.shop\/es\/producto\/10-1-android-tablet-set-8-core-8gb-ram-64gb-storage-includes-bluetooth-keyboard-mouse-portable-smart-device\/","title":{"rendered":"Set de tablet Android de 10,1\u2033 - 8 n\u00facleos, 8 GB de RAM, 64 GB de almacenamiento, incluye teclado y rat\u00f3n Bluetooth, dispositivo inteligente port\u00e1til."},"content":{"rendered":"<div data-elementor-type=\"product-post\" data-elementor-id=\"14395\" class=\"elementor elementor-14395\" data-elementor-post-type=\"product\">\n\t\t\t\t<div class=\"elementor-element elementor-element-2b558bc7 e-flex e-con-boxed e-con e-parent\" data-id=\"2b558bc7\" data-element_type=\"container\" data-settings=\"{&quot;ekit_has_onepagescroll_dot&quot;:&quot;yes&quot;}\">\n\t\t\t\t\t<div class=\"e-con-inner\">\n\t\t\t\t<div class=\"elementor-element elementor-element-5cd892d elementor-widget elementor-widget-image\" data-id=\"5cd892d\" data-element_type=\"widget\" data-settings=\"{&quot;ekit_we_effect_on&quot;:&quot;none&quot;}\" data-widget_type=\"image.default\">\n\t\t\t\t<div class=\"elementor-widget-container\">\n\t\t\t\t\t\t\t\t\t\t\t\t\t\t\t<img loading=\"lazy\" decoding=\"async\" width=\"1464\" height=\"600\" src=\"https:\/\/uniquesite.shop\/wp-content\/uploads\/2026\/03\/1bcc463d-eccc-4c84-b908-41a3e99d535c.__CR001464600_PT0_SX1464_V1___.jpg\" class=\"attachment-full size-full wp-image-14403 wvs-archive-product-image\" alt=\"\" srcset=\"https:\/\/uniquesite.shop\/wp-content\/uploads\/2026\/03\/1bcc463d-eccc-4c84-b908-41a3e99d535c.__CR001464600_PT0_SX1464_V1___.jpg 1464w, https:\/\/uniquesite.shop\/wp-content\/uploads\/2026\/03\/1bcc463d-eccc-4c84-b908-41a3e99d535c.__CR001464600_PT0_SX1464_V1___-300x123.jpg 300w, https:\/\/uniquesite.shop\/wp-content\/uploads\/2026\/03\/1bcc463d-eccc-4c84-b908-41a3e99d535c.__CR001464600_PT0_SX1464_V1___-1024x420.jpg 1024w, https:\/\/uniquesite.shop\/wp-content\/uploads\/2026\/03\/1bcc463d-eccc-4c84-b908-41a3e99d535c.__CR001464600_PT0_SX1464_V1___-768x315.jpg 768w, https:\/\/uniquesite.shop\/wp-content\/uploads\/2026\/03\/1bcc463d-eccc-4c84-b908-41a3e99d535c.__CR001464600_PT0_SX1464_V1___-18x7.jpg 18w, https:\/\/uniquesite.shop\/wp-content\/uploads\/2026\/03\/1bcc463d-eccc-4c84-b908-41a3e99d535c.__CR001464600_PT0_SX1464_V1___-600x246.jpg 600w, https:\/\/uniquesite.shop\/wp-content\/uploads\/2026\/03\/1bcc463d-eccc-4c84-b908-41a3e99d535c.__CR001464600_PT0_SX1464_V1___-1x1.jpg 1w, https:\/\/uniquesite.shop\/wp-content\/uploads\/2026\/03\/1bcc463d-eccc-4c84-b908-41a3e99d535c.__CR001464600_PT0_SX1464_V1___-10x4.jpg 10w\" sizes=\"auto, (max-width: 1464px) 100vw, 1464px\" \/>\t\t\t\t\t\t\t\t\t\t\t\t\t\t\t<\/div>\n\t\t\t\t<\/div>\n\t\t\t\t<div class=\"elementor-element elementor-element-20b6dfb elementor-widget elementor-widget-image\" data-id=\"20b6dfb\" data-element_type=\"widget\" data-settings=\"{&quot;ekit_we_effect_on&quot;:&quot;none&quot;}\" data-widget_type=\"image.default\">\n\t\t\t\t<div class=\"elementor-widget-container\">\n\t\t\t\t\t\t\t\t\t\t\t\t\t\t\t<img loading=\"lazy\" decoding=\"async\" width=\"1464\" height=\"600\" src=\"https:\/\/uniquesite.shop\/wp-content\/uploads\/2026\/03\/4104b403-816f-498a-bc29-eae1876436d0.__CR001464600_PT0_SX1464_V1___.jpg\" class=\"attachment-full size-full wp-image-14404 wvs-archive-product-image\" alt=\"\" srcset=\"https:\/\/uniquesite.shop\/wp-content\/uploads\/2026\/03\/4104b403-816f-498a-bc29-eae1876436d0.__CR001464600_PT0_SX1464_V1___.jpg 1464w, https:\/\/uniquesite.shop\/wp-content\/uploads\/2026\/03\/4104b403-816f-498a-bc29-eae1876436d0.__CR001464600_PT0_SX1464_V1___-300x123.jpg 300w, https:\/\/uniquesite.shop\/wp-content\/uploads\/2026\/03\/4104b403-816f-498a-bc29-eae1876436d0.__CR001464600_PT0_SX1464_V1___-1024x420.jpg 1024w, https:\/\/uniquesite.shop\/wp-content\/uploads\/2026\/03\/4104b403-816f-498a-bc29-eae1876436d0.__CR001464600_PT0_SX1464_V1___-768x315.jpg 768w, https:\/\/uniquesite.shop\/wp-content\/uploads\/2026\/03\/4104b403-816f-498a-bc29-eae1876436d0.__CR001464600_PT0_SX1464_V1___-18x7.jpg 18w, https:\/\/uniquesite.shop\/wp-content\/uploads\/2026\/03\/4104b403-816f-498a-bc29-eae1876436d0.__CR001464600_PT0_SX1464_V1___-600x246.jpg 600w, https:\/\/uniquesite.shop\/wp-content\/uploads\/2026\/03\/4104b403-816f-498a-bc29-eae1876436d0.__CR001464600_PT0_SX1464_V1___-1x1.jpg 1w, https:\/\/uniquesite.shop\/wp-content\/uploads\/2026\/03\/4104b403-816f-498a-bc29-eae1876436d0.__CR001464600_PT0_SX1464_V1___-10x4.jpg 10w\" sizes=\"auto, (max-width: 1464px) 100vw, 1464px\" \/>\t\t\t\t\t\t\t\t\t\t\t\t\t\t\t<\/div>\n\t\t\t\t<\/div>\n\t\t\t\t<div class=\"elementor-element elementor-element-616c28e9 elementor-widget elementor-widget-image\" data-id=\"616c28e9\" data-element_type=\"widget\" data-settings=\"{&quot;ekit_we_effect_on&quot;:&quot;none&quot;}\" data-widget_type=\"image.default\">\n\t\t\t\t<div class=\"elementor-widget-container\">\n\t\t\t\t\t\t\t\t\t\t\t\t\t\t\t<img loading=\"lazy\" decoding=\"async\" width=\"1464\" height=\"600\" src=\"https:\/\/uniquesite.shop\/wp-content\/uploads\/2026\/03\/18b701d9-eb9e-4330-943d-ba5bab31afd7.__CR001464600_PT0_SX1464_V1___.jpg\" class=\"attachment-full size-full wp-image-14405 wvs-archive-product-image\" alt=\"\" srcset=\"https:\/\/uniquesite.shop\/wp-content\/uploads\/2026\/03\/18b701d9-eb9e-4330-943d-ba5bab31afd7.__CR001464600_PT0_SX1464_V1___.jpg 1464w, https:\/\/uniquesite.shop\/wp-content\/uploads\/2026\/03\/18b701d9-eb9e-4330-943d-ba5bab31afd7.__CR001464600_PT0_SX1464_V1___-300x123.jpg 300w, https:\/\/uniquesite.shop\/wp-content\/uploads\/2026\/03\/18b701d9-eb9e-4330-943d-ba5bab31afd7.__CR001464600_PT0_SX1464_V1___-1024x420.jpg 1024w, https:\/\/uniquesite.shop\/wp-content\/uploads\/2026\/03\/18b701d9-eb9e-4330-943d-ba5bab31afd7.__CR001464600_PT0_SX1464_V1___-768x315.jpg 768w, https:\/\/uniquesite.shop\/wp-content\/uploads\/2026\/03\/18b701d9-eb9e-4330-943d-ba5bab31afd7.__CR001464600_PT0_SX1464_V1___-18x7.jpg 18w, https:\/\/uniquesite.shop\/wp-content\/uploads\/2026\/03\/18b701d9-eb9e-4330-943d-ba5bab31afd7.__CR001464600_PT0_SX1464_V1___-600x246.jpg 600w, https:\/\/uniquesite.shop\/wp-content\/uploads\/2026\/03\/18b701d9-eb9e-4330-943d-ba5bab31afd7.__CR001464600_PT0_SX1464_V1___-1x1.jpg 1w, https:\/\/uniquesite.shop\/wp-content\/uploads\/2026\/03\/18b701d9-eb9e-4330-943d-ba5bab31afd7.__CR001464600_PT0_SX1464_V1___-10x4.jpg 10w\" sizes=\"auto, (max-width: 1464px) 100vw, 1464px\" \/>\t\t\t\t\t\t\t\t\t\t\t\t\t\t\t<\/div>\n\t\t\t\t<\/div>\n\t\t\t\t<div class=\"elementor-element elementor-element-238afab3 elementor-widget elementor-widget-image\" data-id=\"238afab3\" data-element_type=\"widget\" data-settings=\"{&quot;ekit_we_effect_on&quot;:&quot;none&quot;}\" data-widget_type=\"image.default\">\n\t\t\t\t<div class=\"elementor-widget-container\">\n\t\t\t\t\t\t\t\t\t\t\t\t\t\t\t<img loading=\"lazy\" decoding=\"async\" width=\"1464\" height=\"600\" src=\"https:\/\/uniquesite.shop\/wp-content\/uploads\/2026\/03\/8b7140d0-4bb8-4fc4-b7b6-bc0003a6a98b.__CR001464600_PT0_SX1464_V1___.jpg\" class=\"attachment-full size-full wp-image-14406 wvs-archive-product-image\" alt=\"\" srcset=\"https:\/\/uniquesite.shop\/wp-content\/uploads\/2026\/03\/8b7140d0-4bb8-4fc4-b7b6-bc0003a6a98b.__CR001464600_PT0_SX1464_V1___.jpg 1464w, https:\/\/uniquesite.shop\/wp-content\/uploads\/2026\/03\/8b7140d0-4bb8-4fc4-b7b6-bc0003a6a98b.__CR001464600_PT0_SX1464_V1___-300x123.jpg 300w, https:\/\/uniquesite.shop\/wp-content\/uploads\/2026\/03\/8b7140d0-4bb8-4fc4-b7b6-bc0003a6a98b.__CR001464600_PT0_SX1464_V1___-1024x420.jpg 1024w, https:\/\/uniquesite.shop\/wp-content\/uploads\/2026\/03\/8b7140d0-4bb8-4fc4-b7b6-bc0003a6a98b.__CR001464600_PT0_SX1464_V1___-768x315.jpg 768w, https:\/\/uniquesite.shop\/wp-content\/uploads\/2026\/03\/8b7140d0-4bb8-4fc4-b7b6-bc0003a6a98b.__CR001464600_PT0_SX1464_V1___-18x7.jpg 18w, https:\/\/uniquesite.shop\/wp-content\/uploads\/2026\/03\/8b7140d0-4bb8-4fc4-b7b6-bc0003a6a98b.__CR001464600_PT0_SX1464_V1___-600x246.jpg 600w, https:\/\/uniquesite.shop\/wp-content\/uploads\/2026\/03\/8b7140d0-4bb8-4fc4-b7b6-bc0003a6a98b.__CR001464600_PT0_SX1464_V1___-1x1.jpg 1w, https:\/\/uniquesite.shop\/wp-content\/uploads\/2026\/03\/8b7140d0-4bb8-4fc4-b7b6-bc0003a6a98b.__CR001464600_PT0_SX1464_V1___-10x4.jpg 10w\" sizes=\"auto, (max-width: 1464px) 100vw, 1464px\" \/>\t\t\t\t\t\t\t\t\t\t\t\t\t\t\t<\/div>\n\t\t\t\t<\/div>\n\t\t\t\t<div class=\"elementor-element elementor-element-34bbc9f2 elementor-widget elementor-widget-image\" data-id=\"34bbc9f2\" data-element_type=\"widget\" data-settings=\"{&quot;ekit_we_effect_on&quot;:&quot;none&quot;}\" data-widget_type=\"image.default\">\n\t\t\t\t<div class=\"elementor-widget-container\">\n\t\t\t\t\t\t\t\t\t\t\t\t\t\t\t<img loading=\"lazy\" decoding=\"async\" width=\"1464\" height=\"600\" src=\"https:\/\/uniquesite.shop\/wp-content\/uploads\/2026\/03\/fb8b067a-c066-491b-9a7e-e1bcbec65102.__CR001464600_PT0_SX1464_V1___.jpg\" class=\"attachment-full size-full wp-image-14407 wvs-archive-product-image\" alt=\"\" srcset=\"https:\/\/uniquesite.shop\/wp-content\/uploads\/2026\/03\/fb8b067a-c066-491b-9a7e-e1bcbec65102.__CR001464600_PT0_SX1464_V1___.jpg 1464w, https:\/\/uniquesite.shop\/wp-content\/uploads\/2026\/03\/fb8b067a-c066-491b-9a7e-e1bcbec65102.__CR001464600_PT0_SX1464_V1___-300x123.jpg 300w, https:\/\/uniquesite.shop\/wp-content\/uploads\/2026\/03\/fb8b067a-c066-491b-9a7e-e1bcbec65102.__CR001464600_PT0_SX1464_V1___-1024x420.jpg 1024w, https:\/\/uniquesite.shop\/wp-content\/uploads\/2026\/03\/fb8b067a-c066-491b-9a7e-e1bcbec65102.__CR001464600_PT0_SX1464_V1___-768x315.jpg 768w, https:\/\/uniquesite.shop\/wp-content\/uploads\/2026\/03\/fb8b067a-c066-491b-9a7e-e1bcbec65102.__CR001464600_PT0_SX1464_V1___-18x7.jpg 18w, https:\/\/uniquesite.shop\/wp-content\/uploads\/2026\/03\/fb8b067a-c066-491b-9a7e-e1bcbec65102.__CR001464600_PT0_SX1464_V1___-600x246.jpg 600w, https:\/\/uniquesite.shop\/wp-content\/uploads\/2026\/03\/fb8b067a-c066-491b-9a7e-e1bcbec65102.__CR001464600_PT0_SX1464_V1___-1x1.jpg 1w, https:\/\/uniquesite.shop\/wp-content\/uploads\/2026\/03\/fb8b067a-c066-491b-9a7e-e1bcbec65102.__CR001464600_PT0_SX1464_V1___-10x4.jpg 10w\" sizes=\"auto, (max-width: 1464px) 100vw, 1464px\" \/>\t\t\t\t\t\t\t\t\t\t\t\t\t\t\t<\/div>\n\t\t\t\t<\/div>\n\t\t\t\t<div class=\"elementor-element elementor-element-3b08a902 elementor-widget elementor-widget-text-editor\" data-id=\"3b08a902\" data-element_type=\"widget\" data-settings=\"{&quot;ekit_we_effect_on&quot;:&quot;none&quot;}\" data-widget_type=\"text-editor.default\">\n\t\t\t\t<div class=\"elementor-widget-container\">\n\t\t\t\t\t\t\t\t\t<!DOCTYPE html>\n<html lang=\"en\">\n<head>\n    <meta charset=\"UTF-8\">\n    <meta name=\"viewport\" content=\"width=device-width, initial-scale=1.0\">\n    <title>\u4ea7\u54c1\u4fe1\u606f \u00b7 \u4e24\u5217\u8d2f\u7a7f\u7ebf\uff08\u542b\u6298\u53e0\u63d0\u793a\uff09<\/title>\n    <style>\n        \/* \u6781\u7b80\u91cd\u7f6e + \u82f1\u5f0f\u98ce\u683c \u2014 \u4ec5\u4f5c\u7528\u4e8e\u5361\u7247\u5185\uff0c\u4e0d\u5f71\u54cd\u5916\u90e8 *\/\n       \n        .product-card {\n            max-width: 880px;\n            width: 100%;\n            background: #ffffff;\n            border-radius: 26px;\n            box-shadow: 0 18px 36px -14px rgba(18, 40, 55, 0.18);\n            padding: 2.2rem 2.4rem 2.6rem 2.4rem;\n            isolation: isolate;\n        }\n\n        \/* \u6807\u9898\u533a\u57df *\/\n        .product-card .header {\n            margin-bottom: 2rem;\n        }\n\n        .product-card .header h1 {\n            font-weight: 480;\n            font-size: 2rem;\n            color: #14303e;\n            border-left: 6px solid #a6bdd2;\n            padding-left: 1.2rem;\n            letter-spacing: -0.01em;\n            line-height: 1.2;\n        }\n\n        \/* \u526f\u6807\u9898\/\u6298\u53e0\u63d0\u793a\u884c \u2014 \u4e5f\u4fdd\u7559\u4e0b\u5212\u7ebf\uff0c\u8d2f\u7a7f\u5de6\u53f3 *\/\n        .product-card .sub-header {\n            display: grid;\n            grid-template-columns: 1fr 1fr;  \/* \u4e24\u5217\u7b49\u5bbd\uff0c\u5b8c\u5168\u9760\u5de6 *\/\n            gap: 0;\n            width: 100%;\n        }\n\n        .product-card .sub-cell {\n            border-bottom: 2px solid #d7e0e8;\n            padding: 1rem 0 0.9rem 0;\n            font-size: 1.1rem;\n            display: flex;\n            align-items: center;\n            word-break: break-word;\n            min-height: 68px;\n        }\n\n        \/* \u5de6\u4fa7\u5c5e\u6027\u6837\u5f0f *\/\n        .product-card .attr-light {\n            font-weight: 520;\n            color: #163946;\n            padding-right: 1rem;\n            text-align: left;\n        }\n\n        \/* \u53f3\u4fa7\u6570\u503c\u6837\u5f0f *\/\n        .product-card .value-light {\n            font-weight: 400;\n            color: #235062;\n            padding-left: 1rem;\n            text-align: left;\n        }\n\n        \/* \u4e3b\u8981\u6570\u636e\u7f51\u683c \u2014 \u4e24\u5217 *\/\n        .product-card .spec-grid {\n            display: grid;\n            grid-template-columns: minmax(180px, 1.2fr) minmax(200px, 2fr);\n            gap: 0;\n            width: 100%;\n        }\n\n        \/* \u6570\u636e\u5355\u5143\u683c\u7edf\u4e00\u4e0b\u8fb9\u6846 *\/\n        .product-card .spec-cell {\n            border-bottom: 2px solid #d7e0e8;\n            padding: 1rem 0 0.9rem 0;\n            font-size: 1.05rem;\n            display: flex;\n            align-items: center;\n            word-break: break-word;\n            line-height: 1.45;\n            min-height: 68px;\n        }\n\n        .product-card .spec-attr {\n            font-weight: 530;\n            color: #163946;\n            padding-right: 1rem;\n            text-align: left;\n        }\n\n        .product-card .spec-value {\n            font-weight: 400;\n            color: #235062;\n            padding-left: 1rem;\n            text-align: left;\n        }\n\n        \/* \u811a\u6ce8\u88c5\u9970\uff0c\u4e0d\u5f71\u54cd\u8d2f\u7a7f\u7ebf *\/\n        .product-card .footer-note {\n            margin-top: 2.8rem;\n            border-top: 1px dashed #c0d2e2;\n            padding-top: 1.3rem;\n            font-size: 0.86rem;\n            color: #5f809b;\n            display: flex;\n            justify-content: space-between;\n            align-items: center;\n        }\n\n        .product-card .footer-note span:last-child {\n            background: #e8f0f8;\n            padding: 0.25rem 1rem;\n            border-radius: 40px;\n            font-family: monospace;\n            color: #1f5a7a;\n        }\n\n        \/* \u7a84\u5c4f\u9002\u914d *\/\n        @media (max-width: 600px) {\n            .product-card { padding: 1.5rem; }\n            .product-card .spec-grid {\n                grid-template-columns: 1.2fr 1.8fr;\n            }\n            .product-card .spec-cell,\n            .product-card .sub-cell {\n                font-size: 0.96rem;\n                padding: 0.9rem 0 0.8rem 0;\n            }\n        }\n    <\/style>\n<\/head>\n<body>\n    <div class=\"product-card\">\n        <div class=\"header\">\n            <h1>Informaci\u00f3n sobre el producto<\/h1>\n        <\/div>\n\n        <!-- \u7b2c\u4e00\u884c\uff1aTechnical Details \/ Collapse all (\u4e24\u5217\uff0c\u5b8c\u5168\u9760\u5de6\uff0c\u8d2f\u7a7f\u4e0b\u5212\u7ebf) -->\n        <div class=\"sub-header\">\n            <div class=\"sub-cell attr-light\">Detalles t\u00e9cnicos<\/div>\n            <div class=\"sub-cell value-light\">Contraer todo<\/div>\n        <\/div>\n\n        <!-- \u7b2c\u4e8c\u884c\uff1aSummary \/ (\u53f3\u5217\u7559\u7a7a\u4f46\u4fdd\u7559\u5355\u5143\u683c\uff0c\u4fdd\u8bc1\u8d2f\u7a7f\u7ebf\u5b8c\u6574) \u6ce8\u610f\uff1a\u53f3\u5217\u653e\u4e00\u4e2a\u5360\u4f4d\u7b26\u201c\u2014\u201d\u6216\u7559\u7a7a\uff1f\u6839\u636e\u8981\u6c42\u5168\u90e8\u9760\u5de6\uff0c\u7559\u7a7a\u4e5f\u4fdd\u6301\u7ed3\u6784\u3002\u6b64\u5904\u653e\u4e00\u4e2a\u4e0d\u53ef\u89c1\u5360\u4f4d\u4fdd\u8bc1\u8fb9\u6846\u5b58\u5728\u3002\u4f46\u66f4\u597d\u653e\u4e00\u4e2a\u201c\u2013\u201d\u8868\u793a\u65e0\u503c\uff0c\u4f46\u4ecd\u8d2f\u7a7f -->\n        <div class=\"sub-header\">\n            <div class=\"sub-cell attr-light\">Resumen<\/div>\n            <div class=\"sub-cell value-light\">\u2013<\/div>\n        <\/div>\n\n        <!-- \u6570\u636e\u7f51\u683c\uff1a\u4ece Standing screen display size \u5f00\u59cb\uff0c\u517110\u884c -->\n        <div class=\"spec-grid\">\n            <!-- 1. Standing screen display size -->\n            <div class=\"spec-cell spec-attr\">Tama\u00f1o de la pantalla<\/div>\n            <div class=\"spec-cell spec-value\">10,1 pulgadas<\/div>\n\n            <!-- 2. Screen Resolution -->\n            <div class=\"spec-cell spec-attr\">Resoluci\u00f3n de pantalla<\/div>\n            <div class=\"spec-cell spec-value\">1280 x 800 p\u00edxeles<\/div>\n\n            <!-- 3. Max Screen Resolution -->\n            <div class=\"spec-cell spec-attr\">Resoluci\u00f3n m\u00e1xima de pantalla<\/div>\n            <div class=\"spec-cell spec-value\">1280*800 p\u00edxeles<\/div>\n\n            <!-- 4. Processor -->\n            <div class=\"spec-cell spec-attr\">Procesador<\/div>\n            <div class=\"spec-cell spec-value\">2 GHz<\/div>\n\n            <!-- 5. RAM -->\n            <div class=\"spec-cell spec-attr\">RAM<\/div>\n            <div class=\"spec-cell spec-value\">22 GB<\/div>\n\n            <!-- 6. Graphics Coprocessor -->\n            <div class=\"spec-cell spec-attr\">Coprocesador gr\u00e1fico<\/div>\n            <div class=\"spec-cell spec-value\">Mal\u00ed-G57<\/div>\n\n            <!-- 7. Chipset Brand -->\n            <div class=\"spec-cell spec-attr\">Marca del chipset<\/div>\n            <div class=\"spec-cell spec-value\">ARM<\/div>\n\n            <!-- 8. Card Description -->\n            <div class=\"spec-cell spec-attr\">Descripci\u00f3n de la tarjeta<\/div>\n            <div class=\"spec-cell spec-value\">Integrado<\/div>\n\n            <!-- 9. Wireless Type (\u8f83\u957f\u7684\u6587\u672c) -->\n            <div class=\"spec-cell spec-attr\">Tipo inal\u00e1mbrico<\/div>\n            <div class=\"spec-cell spec-value\">802.11a, 802.11ac, 802.11b, 802.11g, 802.11n<\/div>\n\n            <!-- 10. Average Battery Life (in hours) -->\n            <div class=\"spec-cell spec-attr\">Duraci\u00f3n media de la bater\u00eda (en horas)<\/div>\n            <div class=\"spec-cell spec-value\">8 horas<\/div>\n        <\/div>\n    <\/div>\n\n    <!-- \u5916\u90e8\u9694\u79bb\u6807\u8bb0\uff1a\u8bc1\u660e\u5361\u7247\u6837\u5f0f\u4e0d\u5f71\u54cd\u5176\u4ed6\u5143\u7d20 -->\n    <div style=\"position: fixed; bottom: 20px; right: 20px; background: #e0eefa; padding: 8px 20px; border-radius: 40px; font-size: 0.85rem; color: #1e5a78; box-shadow: 0 4px 12px rgba(16,48,70,0.1); border: 1px solid #b3d2ea; backdrop-filter: blur(4px);\">\n        \u2e3b \u5916\u90e8\u5143\u7d20\u4e0d\u53d7\u5361\u7247\u5f71\u54cd \u2e3b\n    <\/div>\n<\/body>\n<\/html>\t\t\t\t\t\t\t\t<\/div>\n\t\t\t\t<\/div>\n\t\t\t\t\t<\/div>\n\t\t\t\t<\/div>\n\t\t\t\t<\/div>","protected":false},"excerpt":{"rendered":"<h1 class=\"a-size-base-plus a-text-bold\">Acerca de este art\u00edculo<\/h1>\n<ul class=\"a-unordered-list a-vertical a-spacing-mini\">\n<li class=\"a-spacing-mini\">\n<p class=\"ds-markdown-paragraph\"><strong>Nueva configuraci\u00f3n:<\/strong>\u00a0Esta tableta de 10,1 pulgadas ejecuta el \u00faltimo Android 14 con un procesador octa-core de 2,0 GHz, que potencia la multitarea y la velocidad general para un rendimiento m\u00e1s fluido.<\/p>\n<p class=\"ds-markdown-paragraph\"><strong>Aumento del rendimiento:<\/strong>\u00a0Con 128 GB de ROM + 22 GB de RAM (6+16) y soporte para expansi\u00f3n de hasta 1 TB, maneja aplicaciones como Netflix, Facebook y YouTube con facilidad. La certificaci\u00f3n Widevine L1 garantiza la fluidez del streaming, los juegos y el uso ofim\u00e1tico.<\/p>\n<p class=\"ds-markdown-paragraph\"><strong>Actualizaci\u00f3n de bater\u00eda:<\/strong>\u00a0La bater\u00eda integrada de 8000 mAh ofrece hasta 8 horas de reproducci\u00f3n de v\u00eddeo o 5 horas de juego, lo que resulta perfecto para el entretenimiento y la navegaci\u00f3n prolongados.<\/p>\n<p class=\"ds-markdown-paragraph\"><strong>Dise\u00f1o elegante:<\/strong>\u00a0Presenta un elegante cuerpo met\u00e1lico con perfil de bordes rectos y c\u00e1maras estelares (5 MP + 8 MP). La pantalla LCD de 1280\u00d7800 filtra la luz azul da\u00f1ina para reducir la fatiga ocular y mantener la nitidez visual.<\/p>\n<p class=\"ds-markdown-paragraph\"><strong>Port\u00e1til y pr\u00e1ctico:<\/strong>\u00a0Con teclado y rat\u00f3n, se transforma f\u00e1cilmente en un port\u00e1til ligero para trabajar, estudiar o entretenerse sobre la marcha.<\/p>\n<\/li>\n<\/ul>","protected":false},"featured_media":14396,"comment_status":"open","ping_status":"closed","template":"","meta":{"_acf_changed":false},"etheme_brands":[],"product_brand":[],"product_cat":[118],"product_tag":[],"class_list":{"0":"post-14395","1":"product","2":"type-product","3":"status-publish","4":"has-post-thumbnail","6":"product_cat-sale-shop","8":"first","9":"instock","10":"sale","11":"shipping-taxable","12":"purchasable","13":"product-type-simple"},"acf":[],"_links":{"self":[{"href":"https:\/\/uniquesite.shop\/es\/wp-json\/wp\/v2\/product\/14395","targetHints":{"allow":["GET"]}}],"collection":[{"href":"https:\/\/uniquesite.shop\/es\/wp-json\/wp\/v2\/product"}],"about":[{"href":"https:\/\/uniquesite.shop\/es\/wp-json\/wp\/v2\/types\/product"}],"replies":[{"embeddable":true,"href":"https:\/\/uniquesite.shop\/es\/wp-json\/wp\/v2\/comments?post=14395"}],"version-history":[{"count":4,"href":"https:\/\/uniquesite.shop\/es\/wp-json\/wp\/v2\/product\/14395\/revisions"}],"predecessor-version":[{"id":14415,"href":"https:\/\/uniquesite.shop\/es\/wp-json\/wp\/v2\/product\/14395\/revisions\/14415"}],"wp:featuredmedia":[{"embeddable":true,"href":"https:\/\/uniquesite.shop\/es\/wp-json\/wp\/v2\/media\/14396"}],"wp:attachment":[{"href":"https:\/\/uniquesite.shop\/es\/wp-json\/wp\/v2\/media?parent=14395"}],"wp:term":[{"taxonomy":"brand","embeddable":true,"href":"https:\/\/uniquesite.shop\/es\/wp-json\/wp\/v2\/etheme_brands?post=14395"},{"taxonomy":"product_brand","embeddable":true,"href":"https:\/\/uniquesite.shop\/es\/wp-json\/wp\/v2\/product_brand?post=14395"},{"taxonomy":"product_cat","embeddable":true,"href":"https:\/\/uniquesite.shop\/es\/wp-json\/wp\/v2\/product_cat?post=14395"},{"taxonomy":"product_tag","embeddable":true,"href":"https:\/\/uniquesite.shop\/es\/wp-json\/wp\/v2\/product_tag?post=14395"}],"curies":[{"name":"wp","href":"https:\/\/api.w.org\/{rel}","templated":true}]}}