{"id":14453,"date":"2026-03-18T03:57:57","date_gmt":"2026-03-18T03:57:57","guid":{"rendered":"https:\/\/uniquesite.shop\/?post_type=product&#038;p=14453"},"modified":"2026-03-18T04:07:19","modified_gmt":"2026-03-18T04:07:19","slug":"aoran-parrilla-electrica-portatil-para-barbacoa-coreana-sarten-para-grill-antiadherente-parrilla-interior-sin-humo-control-de-temperatura-ajustable-comal-para-estufa-electrica-ideal-para-parrilla","status":"publish","type":"product","link":"https:\/\/uniquesite.shop\/es\/producto\/aoran-parrilla-electrica-portatil-para-barbacoa-coreana-sarten-para-grill-antiadherente-parrilla-interior-sin-humo-control-de-temperatura-ajustable-comal-para-estufa-electrica-ideal-para-parrilla\/","title":{"rendered":"AORAN Parrilla El\u00e9ctrica Port\u00e1til para Barbacoa Coreana, Sart\u00e9n para Grill Antiadherente, Parrilla Interior sin Humo, Control de Temperatura Ajustable, Comal para Estufa El\u00e9ctrica, Ideal para Parrilladas, Carne, Tacos, y M\u00e1s."},"content":{"rendered":"<div data-elementor-type=\"product-post\" data-elementor-id=\"14453\" class=\"elementor elementor-14453\" data-elementor-post-type=\"product\">\n\t\t\t\t<div class=\"elementor-element elementor-element-6f05017f e-flex e-con-boxed e-con e-parent\" data-id=\"6f05017f\" data-element_type=\"container\" data-settings=\"{&quot;ekit_has_onepagescroll_dot&quot;:&quot;yes&quot;}\">\n\t\t\t\t\t<div class=\"e-con-inner\">\n\t\t<div class=\"elementor-element elementor-element-1b684682 e-grid e-con-full e-con e-child\" data-id=\"1b684682\" data-element_type=\"container\" data-settings=\"{&quot;ekit_has_onepagescroll_dot&quot;:&quot;yes&quot;}\">\n\t\t\t\t<div class=\"elementor-element elementor-element-39221858 elementor-widget elementor-widget-video\" data-id=\"39221858\" data-element_type=\"widget\" data-settings=\"{&quot;video_type&quot;:&quot;hosted&quot;,&quot;controls&quot;:&quot;yes&quot;,&quot;ekit_we_effect_on&quot;:&quot;none&quot;}\" data-widget_type=\"video.default\">\n\t\t\t\t<div class=\"elementor-widget-container\">\n\t\t\t\t\t\t\t<div class=\"e-hosted-video elementor-wrapper elementor-open-inline\">\n\t\t\t\t\t<video class=\"elementor-video\" src=\"https:\/\/uniquesite.shop\/wp-content\/uploads\/2026\/03\/video_2026-02-09_10-42-12.mp4\" controls=\"\" preload=\"metadata\" controlslist=\"nodownload\"><\/video>\n\t\t\t\t<\/div>\n\t\t\t\t\t\t<\/div>\n\t\t\t\t<\/div>\n\t\t\t\t<div class=\"elementor-element elementor-element-6666ca91 elementor-widget elementor-widget-text-editor\" data-id=\"6666ca91\" data-element_type=\"widget\" data-settings=\"{&quot;ekit_we_effect_on&quot;:&quot;none&quot;}\" data-widget_type=\"text-editor.default\">\n\t\t\t\t<div class=\"elementor-widget-container\">\n\t\t\t\t\t\t\t\t\t<!DOCTYPE html>\n<html lang=\"en\">\n<head>\n    <meta charset=\"UTF-8\">\n    <meta name=\"viewport\" content=\"width=device-width, initial-scale=1.0\">\n    <title>Product Attributes<\/title>\n    <style>\n        \/* Reset default margins and padding *\/\n        * {\n            margin: 0;\n            padding: 0;\n            box-sizing: border-box;\n        }\n        \n        \/* Container for attribute list - no background color *\/\n        .attribute-container {\n            width: 100%;\n            max-width: 700px; \/* Slightly wider to fit long attribute names *\/\n            margin: 20px;\n            font-family: Arial, sans-serif;\n            font-size: 16px;\n            line-height: 1.5; \/* Reduced line height for compact layout *\/\n            padding: 20px;\n            border-radius: 8px;\n        }\n        \n        \/* Style for each attribute row *\/\n        .attribute-row {\n            display: flex;\n            width: 100%;\n            text-align: left;\n            padding: 4px 10px; \/* Reduced vertical padding *\/\n            border-bottom: 1px solid #e5e7eb;\n            margin-bottom: 2px; \/* Reduced bottom margin between rows *\/\n            transition: all 0.2s ease;\n            border-radius: 4px;\n            flex-wrap: wrap; \/* Prevent overflow for long text *\/\n        }\n        \n        \/* Hover effect for rows *\/\n        .attribute-row:hover {\n            background-color: #f9fafb; \/* Light hover feedback *\/\n        }\n        \n        \/* Attribute name (left column) - highlighted with text color only *\/\n        .attribute-name {\n            flex: 1;\n            min-width: 200px; \/* Ensure minimum width for long names *\/\n            font-weight: 700; \/* Bold for emphasis *\/\n            color: #1d4ed8; \/* Vibrant blue for text contrast *\/\n            padding: 2px 8px; \/* Reduced vertical padding *\/\n            margin-right: 10px;\n        }\n        \n        \/* Attribute value (right column) - neutral *\/\n        .attribute-value {\n            flex: 1;\n            min-width: 150px; \/* Ensure minimum width for values *\/\n            color: #4a5568; \/* Medium gray for values *\/\n            padding: 2px 8px; \/* Reduced vertical padding *\/\n        }\n    <\/style>\n<\/head>\n<body>\n    <div class=\"attribute-container\">\n        <div class=\"attribute-row\">\n            <span class=\"attribute-name\">Color<\/span>\n            <span class=\"attribute-value\">NEGRO<\/span>\n        <\/div>\n        <div class=\"attribute-row\">\n            <span class=\"attribute-name\">Vatios<\/span>\n            <span class=\"attribute-value\">800 vatios<\/span>\n        <\/div>\n        <div class=\"attribute-row\">\n            <span class=\"attribute-name\">Dimensiones D x A x A<\/span>\n            <span class=\"attribute-value\">14,3\u2033P x 2,5\u2033A x 15,5\u2033H<\/span>\n        <\/div>\n        <div class=\"attribute-row\">\n            <span class=\"attribute-name\">Dimensiones del art\u00edculo<\/span>\n            <span class=\"attribute-value\">14,3 x 2,5 x 15,5 pulgadas<\/span>\n        <\/div>\n        <div class=\"attribute-row\">\n            <span class=\"attribute-name\">Superficie de cocci\u00f3n<\/span>\n            <span class=\"attribute-value\">153,94 Pulgadas cuadradas<\/span>\n        <\/div>\n        <div class=\"attribute-row\">\n            <span class=\"attribute-name\">M\u00e9todo de cocci\u00f3n principal<\/span>\n            <span class=\"attribute-value\">Parrilla<\/span>\n        <\/div>\n    <\/div>\n<\/body>\n<\/html>\t\t\t\t\t\t\t\t<\/div>\n\t\t\t\t<\/div>\n\t\t\t\t<\/div>\n\t\t\t\t\t<\/div>\n\t\t\t\t<\/div>\n\t\t<div class=\"elementor-element elementor-element-1be489ab e-flex e-con-boxed e-con e-parent\" data-id=\"1be489ab\" data-element_type=\"container\" data-settings=\"{&quot;ekit_has_onepagescroll_dot&quot;:&quot;yes&quot;}\">\n\t\t\t\t\t<div class=\"e-con-inner\">\n\t\t\t\t<div class=\"elementor-element elementor-element-7556dcdf elementor-widget elementor-widget-image\" data-id=\"7556dcdf\" data-element_type=\"widget\" data-settings=\"{&quot;ekit_we_effect_on&quot;:&quot;none&quot;}\" data-widget_type=\"image.default\">\n\t\t\t\t<div class=\"elementor-widget-container\">\n\t\t\t\t\t\t\t\t\t\t\t\t\t\t\t<img loading=\"lazy\" decoding=\"async\" width=\"1464\" height=\"600\" src=\"https:\/\/uniquesite.shop\/wp-content\/uploads\/2026\/03\/1-57.jpg\" class=\"attachment-full size-full wp-image-14464 wvs-archive-product-image\" alt=\"\" srcset=\"https:\/\/uniquesite.shop\/wp-content\/uploads\/2026\/03\/1-57.jpg 1464w, https:\/\/uniquesite.shop\/wp-content\/uploads\/2026\/03\/1-57-300x123.jpg 300w, https:\/\/uniquesite.shop\/wp-content\/uploads\/2026\/03\/1-57-1024x420.jpg 1024w, https:\/\/uniquesite.shop\/wp-content\/uploads\/2026\/03\/1-57-768x315.jpg 768w, https:\/\/uniquesite.shop\/wp-content\/uploads\/2026\/03\/1-57-18x7.jpg 18w, https:\/\/uniquesite.shop\/wp-content\/uploads\/2026\/03\/1-57-600x246.jpg 600w, https:\/\/uniquesite.shop\/wp-content\/uploads\/2026\/03\/1-57-1x1.jpg 1w, https:\/\/uniquesite.shop\/wp-content\/uploads\/2026\/03\/1-57-10x4.jpg 10w\" sizes=\"auto, (max-width: 1464px) 100vw, 1464px\" \/>\t\t\t\t\t\t\t\t\t\t\t\t\t\t\t<\/div>\n\t\t\t\t<\/div>\n\t\t\t\t<div class=\"elementor-element elementor-element-33bfe418 elementor-widget elementor-widget-image\" data-id=\"33bfe418\" data-element_type=\"widget\" data-settings=\"{&quot;ekit_we_effect_on&quot;:&quot;none&quot;}\" data-widget_type=\"image.default\">\n\t\t\t\t<div class=\"elementor-widget-container\">\n\t\t\t\t\t\t\t\t\t\t\t\t\t\t\t<img loading=\"lazy\" decoding=\"async\" width=\"1464\" height=\"600\" src=\"https:\/\/uniquesite.shop\/wp-content\/uploads\/2026\/03\/2-35.jpg\" class=\"attachment-full size-full wp-image-14465 wvs-archive-product-image\" alt=\"\" srcset=\"https:\/\/uniquesite.shop\/wp-content\/uploads\/2026\/03\/2-35.jpg 1464w, https:\/\/uniquesite.shop\/wp-content\/uploads\/2026\/03\/2-35-300x123.jpg 300w, https:\/\/uniquesite.shop\/wp-content\/uploads\/2026\/03\/2-35-1024x420.jpg 1024w, https:\/\/uniquesite.shop\/wp-content\/uploads\/2026\/03\/2-35-768x315.jpg 768w, https:\/\/uniquesite.shop\/wp-content\/uploads\/2026\/03\/2-35-18x7.jpg 18w, https:\/\/uniquesite.shop\/wp-content\/uploads\/2026\/03\/2-35-600x246.jpg 600w, https:\/\/uniquesite.shop\/wp-content\/uploads\/2026\/03\/2-35-1x1.jpg 1w, https:\/\/uniquesite.shop\/wp-content\/uploads\/2026\/03\/2-35-10x4.jpg 10w\" sizes=\"auto, (max-width: 1464px) 100vw, 1464px\" \/>\t\t\t\t\t\t\t\t\t\t\t\t\t\t\t<\/div>\n\t\t\t\t<\/div>\n\t\t\t\t<div class=\"elementor-element elementor-element-546421cd elementor-widget elementor-widget-image\" data-id=\"546421cd\" data-element_type=\"widget\" data-settings=\"{&quot;ekit_we_effect_on&quot;:&quot;none&quot;}\" data-widget_type=\"image.default\">\n\t\t\t\t<div class=\"elementor-widget-container\">\n\t\t\t\t\t\t\t\t\t\t\t\t\t\t\t<img loading=\"lazy\" decoding=\"async\" width=\"1464\" height=\"600\" src=\"https:\/\/uniquesite.shop\/wp-content\/uploads\/2026\/03\/3-37.jpg\" class=\"attachment-full size-full wp-image-14466 wvs-archive-product-image\" alt=\"\" srcset=\"https:\/\/uniquesite.shop\/wp-content\/uploads\/2026\/03\/3-37.jpg 1464w, https:\/\/uniquesite.shop\/wp-content\/uploads\/2026\/03\/3-37-300x123.jpg 300w, https:\/\/uniquesite.shop\/wp-content\/uploads\/2026\/03\/3-37-1024x420.jpg 1024w, https:\/\/uniquesite.shop\/wp-content\/uploads\/2026\/03\/3-37-768x315.jpg 768w, https:\/\/uniquesite.shop\/wp-content\/uploads\/2026\/03\/3-37-18x7.jpg 18w, https:\/\/uniquesite.shop\/wp-content\/uploads\/2026\/03\/3-37-600x246.jpg 600w, https:\/\/uniquesite.shop\/wp-content\/uploads\/2026\/03\/3-37-1x1.jpg 1w, https:\/\/uniquesite.shop\/wp-content\/uploads\/2026\/03\/3-37-10x4.jpg 10w\" sizes=\"auto, (max-width: 1464px) 100vw, 1464px\" \/>\t\t\t\t\t\t\t\t\t\t\t\t\t\t\t<\/div>\n\t\t\t\t<\/div>\n\t\t\t\t<div class=\"elementor-element elementor-element-9c28748 elementor-widget elementor-widget-image\" data-id=\"9c28748\" data-element_type=\"widget\" data-settings=\"{&quot;ekit_we_effect_on&quot;:&quot;none&quot;}\" data-widget_type=\"image.default\">\n\t\t\t\t<div class=\"elementor-widget-container\">\n\t\t\t\t\t\t\t\t\t\t\t\t\t\t\t<img loading=\"lazy\" decoding=\"async\" width=\"1464\" height=\"600\" src=\"https:\/\/uniquesite.shop\/wp-content\/uploads\/2026\/03\/4-31.jpg\" class=\"attachment-full size-full wp-image-14467 wvs-archive-product-image\" alt=\"\" srcset=\"https:\/\/uniquesite.shop\/wp-content\/uploads\/2026\/03\/4-31.jpg 1464w, https:\/\/uniquesite.shop\/wp-content\/uploads\/2026\/03\/4-31-300x123.jpg 300w, https:\/\/uniquesite.shop\/wp-content\/uploads\/2026\/03\/4-31-1024x420.jpg 1024w, https:\/\/uniquesite.shop\/wp-content\/uploads\/2026\/03\/4-31-768x315.jpg 768w, https:\/\/uniquesite.shop\/wp-content\/uploads\/2026\/03\/4-31-18x7.jpg 18w, https:\/\/uniquesite.shop\/wp-content\/uploads\/2026\/03\/4-31-600x246.jpg 600w, https:\/\/uniquesite.shop\/wp-content\/uploads\/2026\/03\/4-31-1x1.jpg 1w, https:\/\/uniquesite.shop\/wp-content\/uploads\/2026\/03\/4-31-10x4.jpg 10w\" sizes=\"auto, (max-width: 1464px) 100vw, 1464px\" \/>\t\t\t\t\t\t\t\t\t\t\t\t\t\t\t<\/div>\n\t\t\t\t<\/div>\n\t\t\t\t\t<\/div>\n\t\t\t\t<\/div>\n\t\t\t\t<\/div>","protected":false},"excerpt":{"rendered":"<p>https:\/\/uniquesite.shop\/wp-content\/uploads\/2026\/03\/video_2026-02-09_10-42-12.mp4 Product Attributes Color BLACK Wattage 800 watts Item Dimensions D x W x H 14.3&#8243;D x 2.5&#8243;W x 15.5&#8243;H&#8230;<\/p>","protected":false},"featured_media":14454,"comment_status":"open","ping_status":"closed","template":"","meta":{"_acf_changed":false},"etheme_brands":[],"product_brand":[],"product_cat":[118],"product_tag":[],"class_list":{"0":"post-14453","1":"product","2":"type-product","3":"status-publish","4":"has-post-thumbnail","6":"product_cat-sale-shop","8":"first","9":"instock","10":"sale","11":"shipping-taxable","12":"purchasable","13":"product-type-simple"},"acf":[],"_links":{"self":[{"href":"https:\/\/uniquesite.shop\/es\/wp-json\/wp\/v2\/product\/14453","targetHints":{"allow":["GET"]}}],"collection":[{"href":"https:\/\/uniquesite.shop\/es\/wp-json\/wp\/v2\/product"}],"about":[{"href":"https:\/\/uniquesite.shop\/es\/wp-json\/wp\/v2\/types\/product"}],"replies":[{"embeddable":true,"href":"https:\/\/uniquesite.shop\/es\/wp-json\/wp\/v2\/comments?post=14453"}],"version-history":[{"count":4,"href":"https:\/\/uniquesite.shop\/es\/wp-json\/wp\/v2\/product\/14453\/revisions"}],"predecessor-version":[{"id":14475,"href":"https:\/\/uniquesite.shop\/es\/wp-json\/wp\/v2\/product\/14453\/revisions\/14475"}],"wp:featuredmedia":[{"embeddable":true,"href":"https:\/\/uniquesite.shop\/es\/wp-json\/wp\/v2\/media\/14454"}],"wp:attachment":[{"href":"https:\/\/uniquesite.shop\/es\/wp-json\/wp\/v2\/media?parent=14453"}],"wp:term":[{"taxonomy":"brand","embeddable":true,"href":"https:\/\/uniquesite.shop\/es\/wp-json\/wp\/v2\/etheme_brands?post=14453"},{"taxonomy":"product_brand","embeddable":true,"href":"https:\/\/uniquesite.shop\/es\/wp-json\/wp\/v2\/product_brand?post=14453"},{"taxonomy":"product_cat","embeddable":true,"href":"https:\/\/uniquesite.shop\/es\/wp-json\/wp\/v2\/product_cat?post=14453"},{"taxonomy":"product_tag","embeddable":true,"href":"https:\/\/uniquesite.shop\/es\/wp-json\/wp\/v2\/product_tag?post=14453"}],"curies":[{"name":"wp","href":"https:\/\/api.w.org\/{rel}","templated":true}]}}