{"id":14656,"date":"2026-04-03T01:30:13","date_gmt":"2026-04-03T01:30:13","guid":{"rendered":"https:\/\/uniquesite.shop\/?post_type=product&#038;p=14656"},"modified":"2026-04-03T01:44:38","modified_gmt":"2026-04-03T01:44:38","slug":"12-in-1-integrated-charging-audio-support-kit-magnetic-power-bank-smart-watch-wireless-charger-type-c-cable-eu-plug","status":"publish","type":"product","link":"https:\/\/uniquesite.shop\/es\/producto\/12-in-1-integrated-charging-audio-support-kit-magnetic-power-bank-smart-watch-wireless-charger-type-c-cable-eu-plug\/","title":{"rendered":"Kit 12 en 1 de carga integrada y soporte de audio, power bank magn\u00e9tico, reloj inteligente, cargador inal\u00e1mbrico, cable Type-C, enchufe Eu"},"content":{"rendered":"<div data-elementor-type=\"product-post\" data-elementor-id=\"14656\" class=\"elementor elementor-14656\" data-elementor-post-type=\"product\">\n\t\t\t\t<div class=\"elementor-element elementor-element-5f507dd5 e-flex e-con-boxed e-con e-parent\" data-id=\"5f507dd5\" data-element_type=\"container\" data-settings=\"{&quot;ekit_has_onepagescroll_dot&quot;:&quot;yes&quot;}\">\n\t\t\t\t\t<div class=\"e-con-inner\">\n\t\t\t\t<div class=\"elementor-element elementor-element-5c208c07 elementor-position-left elementor-vertical-align-middle elementor-widget elementor-widget-image-box\" data-id=\"5c208c07\" data-element_type=\"widget\" data-settings=\"{&quot;ekit_we_effect_on&quot;:&quot;none&quot;}\" data-widget_type=\"image-box.default\">\n\t\t\t\t<div class=\"elementor-widget-container\">\n\t\t\t\t\t<div class=\"elementor-image-box-wrapper\"><figure class=\"elementor-image-box-img\"><img loading=\"lazy\" decoding=\"async\" width=\"800\" height=\"800\" src=\"https:\/\/uniquesite.shop\/wp-content\/uploads\/2026\/04\/1-28.jpg\" class=\"attachment-full size-full wp-image-14663 wvs-archive-product-image\" alt=\"\" srcset=\"https:\/\/uniquesite.shop\/wp-content\/uploads\/2026\/04\/1-28.jpg 800w, https:\/\/uniquesite.shop\/wp-content\/uploads\/2026\/04\/1-28-300x300.jpg 300w, https:\/\/uniquesite.shop\/wp-content\/uploads\/2026\/04\/1-28-150x150.jpg 150w, https:\/\/uniquesite.shop\/wp-content\/uploads\/2026\/04\/1-28-768x768.jpg 768w, https:\/\/uniquesite.shop\/wp-content\/uploads\/2026\/04\/1-28-12x12.jpg 12w, https:\/\/uniquesite.shop\/wp-content\/uploads\/2026\/04\/1-28-600x600.jpg 600w, https:\/\/uniquesite.shop\/wp-content\/uploads\/2026\/04\/1-28-100x100.jpg 100w, https:\/\/uniquesite.shop\/wp-content\/uploads\/2026\/04\/1-28-50x50.jpg 50w, https:\/\/uniquesite.shop\/wp-content\/uploads\/2026\/04\/1-28-1x1.jpg 1w, https:\/\/uniquesite.shop\/wp-content\/uploads\/2026\/04\/1-28-10x10.jpg 10w\" sizes=\"auto, (max-width: 800px) 100vw, 800px\" \/><\/figure><div class=\"elementor-image-box-content\"><p class=\"elementor-image-box-description\">Versatilidad todo en uno 12 en 1: Combina 12 pr\u00e1cticas funciones en un \u00fanico dispositivo compacto para eliminar la molestia de llevar varios adaptadores y accesorios. Integra puertos de carga de alta velocidad, toma de audio de 3,5 mm, puertos de transmisi\u00f3n de datos USB-A\/USB-C, lectores de tarjetas SD\/TF y otras interfaces esenciales, que cubren todas las necesidades cotidianas y profesionales, desde la carga de dispositivos y la sincronizaci\u00f3n de datos hasta la salida de audio. Tanto si trabaja desde casa como si est\u00e1 de viaje o en la oficina, este kit convierte un \u00fanico puerto de dispositivo en un completo concentrador de conectividad, simplificando su configuraci\u00f3n y ahorrando un valioso espacio en su escritorio o en su bolso.<\/p><\/div><\/div>\t\t\t\t<\/div>\n\t\t\t\t<\/div>\n\t\t\t\t<div class=\"elementor-element elementor-element-7aa265a elementor-position-right elementor-vertical-align-middle elementor-widget elementor-widget-image-box\" data-id=\"7aa265a\" data-element_type=\"widget\" data-settings=\"{&quot;ekit_we_effect_on&quot;:&quot;none&quot;}\" data-widget_type=\"image-box.default\">\n\t\t\t\t<div class=\"elementor-widget-container\">\n\t\t\t\t\t<div class=\"elementor-image-box-wrapper\"><figure class=\"elementor-image-box-img\"><img loading=\"lazy\" decoding=\"async\" width=\"1500\" height=\"1500\" src=\"https:\/\/uniquesite.shop\/wp-content\/uploads\/2026\/04\/81a5X8FRMrL._AC_SL1500_-1.jpg\" class=\"attachment-full size-full wp-image-14664 wvs-archive-product-image\" alt=\"\" srcset=\"https:\/\/uniquesite.shop\/wp-content\/uploads\/2026\/04\/81a5X8FRMrL._AC_SL1500_-1.jpg 1500w, https:\/\/uniquesite.shop\/wp-content\/uploads\/2026\/04\/81a5X8FRMrL._AC_SL1500_-1-300x300.jpg 300w, https:\/\/uniquesite.shop\/wp-content\/uploads\/2026\/04\/81a5X8FRMrL._AC_SL1500_-1-1024x1024.jpg 1024w, https:\/\/uniquesite.shop\/wp-content\/uploads\/2026\/04\/81a5X8FRMrL._AC_SL1500_-1-150x150.jpg 150w, https:\/\/uniquesite.shop\/wp-content\/uploads\/2026\/04\/81a5X8FRMrL._AC_SL1500_-1-768x768.jpg 768w, https:\/\/uniquesite.shop\/wp-content\/uploads\/2026\/04\/81a5X8FRMrL._AC_SL1500_-1-12x12.jpg 12w, https:\/\/uniquesite.shop\/wp-content\/uploads\/2026\/04\/81a5X8FRMrL._AC_SL1500_-1-600x600.jpg 600w, https:\/\/uniquesite.shop\/wp-content\/uploads\/2026\/04\/81a5X8FRMrL._AC_SL1500_-1-100x100.jpg 100w, https:\/\/uniquesite.shop\/wp-content\/uploads\/2026\/04\/81a5X8FRMrL._AC_SL1500_-1-50x50.jpg 50w, https:\/\/uniquesite.shop\/wp-content\/uploads\/2026\/04\/81a5X8FRMrL._AC_SL1500_-1-1x1.jpg 1w, https:\/\/uniquesite.shop\/wp-content\/uploads\/2026\/04\/81a5X8FRMrL._AC_SL1500_-1-10x10.jpg 10w\" sizes=\"auto, (max-width: 1500px) 100vw, 1500px\" \/><\/figure><div class=\"elementor-image-box-content\"><p class=\"elementor-image-box-description\">Potente rendimiento de carga con protecci\u00f3n inteligente: Equipado con tecnolog\u00eda de carga pasante PD de 100 W, el kit admite la carga r\u00e1pida de port\u00e1tiles, tabletas, smartphones y otros dispositivos, garantizando un suministro de energ\u00eda eficiente sin largas esperas. Cuenta con chips inteligentes de distribuci\u00f3n de energ\u00eda que ajustan din\u00e1micamente la corriente de carga seg\u00fan las necesidades del dispositivo, evitando la sobrecarga, el sobrecalentamiento, la sobrecorriente y los cortocircuitos. Con compatibilidad con versiones anteriores y soporte de voltaje universal (100V-240V), funciona sin problemas en redes el\u00e9ctricas de todo el mundo, lo que lo convierte en el compa\u00f1ero ideal para viajes internacionales. Adem\u00e1s, la funci\u00f3n de intercambio r\u00e1pido de funciones (FRS) evita la p\u00e9rdida de datos y las interrupciones de conexi\u00f3n al a\u00f1adir o quitar una fuente de alimentaci\u00f3n USB.<\/p><\/div><\/div>\t\t\t\t<\/div>\n\t\t\t\t<\/div>\n\t\t\t\t<div class=\"elementor-element elementor-element-5e7aa07c elementor-position-left elementor-vertical-align-middle elementor-widget elementor-widget-image-box\" data-id=\"5e7aa07c\" data-element_type=\"widget\" data-settings=\"{&quot;ekit_we_effect_on&quot;:&quot;none&quot;}\" data-widget_type=\"image-box.default\">\n\t\t\t\t<div class=\"elementor-widget-container\">\n\t\t\t\t\t<div class=\"elementor-image-box-wrapper\"><figure class=\"elementor-image-box-img\"><img loading=\"lazy\" decoding=\"async\" width=\"1500\" height=\"1500\" src=\"https:\/\/uniquesite.shop\/wp-content\/uploads\/2026\/04\/81Oppruc4rL._AC_SL1500_-1.jpg\" class=\"attachment-full size-full wp-image-14665 wvs-archive-product-image\" alt=\"\" srcset=\"https:\/\/uniquesite.shop\/wp-content\/uploads\/2026\/04\/81Oppruc4rL._AC_SL1500_-1.jpg 1500w, https:\/\/uniquesite.shop\/wp-content\/uploads\/2026\/04\/81Oppruc4rL._AC_SL1500_-1-300x300.jpg 300w, https:\/\/uniquesite.shop\/wp-content\/uploads\/2026\/04\/81Oppruc4rL._AC_SL1500_-1-1024x1024.jpg 1024w, https:\/\/uniquesite.shop\/wp-content\/uploads\/2026\/04\/81Oppruc4rL._AC_SL1500_-1-150x150.jpg 150w, https:\/\/uniquesite.shop\/wp-content\/uploads\/2026\/04\/81Oppruc4rL._AC_SL1500_-1-768x768.jpg 768w, https:\/\/uniquesite.shop\/wp-content\/uploads\/2026\/04\/81Oppruc4rL._AC_SL1500_-1-12x12.jpg 12w, https:\/\/uniquesite.shop\/wp-content\/uploads\/2026\/04\/81Oppruc4rL._AC_SL1500_-1-600x600.jpg 600w, https:\/\/uniquesite.shop\/wp-content\/uploads\/2026\/04\/81Oppruc4rL._AC_SL1500_-1-100x100.jpg 100w, https:\/\/uniquesite.shop\/wp-content\/uploads\/2026\/04\/81Oppruc4rL._AC_SL1500_-1-50x50.jpg 50w, https:\/\/uniquesite.shop\/wp-content\/uploads\/2026\/04\/81Oppruc4rL._AC_SL1500_-1-1x1.jpg 1w, https:\/\/uniquesite.shop\/wp-content\/uploads\/2026\/04\/81Oppruc4rL._AC_SL1500_-1-10x10.jpg 10w\" sizes=\"auto, (max-width: 1500px) 100vw, 1500px\" \/><\/figure><div class=\"elementor-image-box-content\"><p class=\"elementor-image-box-description\"> Transmisi\u00f3n de audio de alta definici\u00f3n para una experiencia envolvente: El kit, que incorpora chips de audio independientes de alto rendimiento, admite la transmisi\u00f3n de audio digital de alta resoluci\u00f3n con una frecuencia de muestreo de 24 bits\/48 kHz, lo que proporciona una calidad de sonido cristalina y sin p\u00e9rdidas, sin ruidos, interferencias de corriente ni latencia. El conector de audio TRRS de 4 polos y 3,5 mm es compatible con auriculares, altavoces y micr\u00f3fonos, y admite tanto salida como entrada de audio, lo que resulta perfecto para juegos, edici\u00f3n de v\u00eddeo, videollamadas y reproducci\u00f3n de m\u00fasica. Tambi\u00e9n cuenta con detecci\u00f3n de conector de audio con conmutaci\u00f3n autom\u00e1tica, lo que garantiza un cambio perfecto entre dispositivos de audio y elimina la necesidad de configuraci\u00f3n manual. Para los entusiastas de los juegos, consigue una latencia de audio nula, lo que permite capturar todos los detalles, como pasos y disparos, para obtener una ventaja competitiva.<\/p><\/div><\/div>\t\t\t\t<\/div>\n\t\t\t\t<\/div>\n\t\t\t\t<div class=\"elementor-element elementor-element-6642e42d elementor-position-right elementor-vertical-align-middle elementor-widget elementor-widget-image-box\" data-id=\"6642e42d\" data-element_type=\"widget\" data-settings=\"{&quot;ekit_we_effect_on&quot;:&quot;none&quot;}\" data-widget_type=\"image-box.default\">\n\t\t\t\t<div class=\"elementor-widget-container\">\n\t\t\t\t\t<div class=\"elementor-image-box-wrapper\"><figure class=\"elementor-image-box-img\"><img loading=\"lazy\" decoding=\"async\" width=\"450\" height=\"417\" src=\"https:\/\/uniquesite.shop\/wp-content\/uploads\/2026\/04\/BundleD-1.jpg\" class=\"attachment-full size-full wp-image-14666 wvs-archive-product-image\" alt=\"\" srcset=\"https:\/\/uniquesite.shop\/wp-content\/uploads\/2026\/04\/BundleD-1.jpg 450w, https:\/\/uniquesite.shop\/wp-content\/uploads\/2026\/04\/BundleD-1-300x278.jpg 300w, https:\/\/uniquesite.shop\/wp-content\/uploads\/2026\/04\/BundleD-1-13x12.jpg 13w, https:\/\/uniquesite.shop\/wp-content\/uploads\/2026\/04\/BundleD-1-1x1.jpg 1w, https:\/\/uniquesite.shop\/wp-content\/uploads\/2026\/04\/BundleD-1-10x10.jpg 10w\" sizes=\"auto, (max-width: 450px) 100vw, 450px\" \/><\/figure><div class=\"elementor-image-box-content\"><p class=\"elementor-image-box-description\">Amplia compatibilidad y comodidad Plug and Play: Dise\u00f1ado para funcionar sin problemas con todos los dispositivos compatibles con USB-C y Thunderbolt 3, incluidos MacBooks, iPads, Chromebooks, port\u00e1tiles Windows, smartphones y mucho m\u00e1s. No se necesitan controladores ni complicadas instalaciones de software: basta con conectarlo y empezar a usarlo inmediatamente, lo que le ahorrar\u00e1 tiempo y esfuerzo. El kit adopta un dise\u00f1o duradero y compacto con un conector USB-C reversible que se enchufa correctamente cada vez, lo que reduce el desgaste de los puertos de los dispositivos. Su factor de forma ligero y port\u00e1til, emparejado con un cable atado duradero, hace que sea f\u00e1cil de llevar en un bolsillo, bolsa de ordenador port\u00e1til o mochila. Fabricado con una carcasa de aleaci\u00f3n de aluminio de alta calidad, ofrece una excelente disipaci\u00f3n del calor y una larga durabilidad, con el respaldo de un servicio posventa fiable para mayor tranquilidad.<\/p><\/div><\/div>\t\t\t\t<\/div>\n\t\t\t\t<\/div>\n\t\t\t\t<div class=\"elementor-element elementor-element-7a7215f3 elementor-widget elementor-widget-text-editor\" data-id=\"7a7215f3\" data-element_type=\"widget\" data-settings=\"{&quot;ekit_we_effect_on&quot;:&quot;none&quot;}\" data-widget_type=\"text-editor.default\">\n\t\t\t\t<div class=\"elementor-widget-container\">\n\t\t\t\t\t\t\t\t\t<!DOCTYPE html>\n<html lang=\"en\">\n<head>\n<meta charset=\"UTF-8\">\n<meta name=\"viewport\" content=\"width=device-width, initial-scale=1.0\">\n<title>Details<\/title>\n<style>\n  * {\n    margin: 0;\n    padding: 0;\n    box-sizing: border-box;\n  }\n  body {\n    background: transparent;\n    font-family: 'Inter', 'Segoe UI', system-ui, sans-serif;\n    -webkit-font-smoothing: antialiased;\n    padding: 20px 0;\n  }\n  .spec-table {\n    width: 100%;\n    border-collapse: collapse;\n    font-size: 14px;\n    color: #333;\n    line-height: 1.8;\n  }\n  .spec-table tr {\n    border-bottom: 1px solid rgba(210, 210, 210, 0.3);\n    background: transparent;\n  }\n  .spec-table td {\n    padding: 14px 16px;\n    text-align: left;\n    vertical-align: top;\n    background: transparent;\n    word-break: break-word;\n  }\n  .spec-table td:nth-child(1),\n  .spec-table td:nth-child(3) {\n    width: 20%;\n    font-weight: 500;\n    color: #222;\n  }\n  .spec-table td:nth-child(2),\n  .spec-table td:nth-child(4) {\n    width: 30%;\n    color: #555;\n  }\n<\/style>\n<\/head>\n<body>\n\n<table class=\"spec-table\">\n  <tr>\n    <td>Modelo NO.<\/td>\n    <td>1<\/td>\n    <td>Marca compatible<\/td>\n    <td>iPhone<\/td>\n  <\/tr>\n  <tr>\n    <td>Tipo<\/td>\n    <td>Port\u00e1til<\/td>\n    <td>Fuente de energ\u00eda<\/td>\n    <td>El\u00e9ctrico<\/td>\n  <\/tr>\n  <tr>\n    <td>Funci\u00f3n de carga r\u00e1pida<\/td>\n    <td>Con funci\u00f3n de carga r\u00e1pida<\/td>\n    <td>Longitud del cable del cargador<\/td>\n    <td>4 a 5,9 pies<\/td>\n  <\/tr>\n  <tr>\n    <td>Protecci\u00f3n contra sobrecorriente<\/td>\n    <td>Con protecci\u00f3n contra sobrecorriente<\/td>\n    <td>Mostrar<\/td>\n    <td>Con pantalla<\/td>\n  <\/tr>\n  <tr>\n    <td>Color<\/td>\n    <td>Blanco<\/td>\n    <td>Tipo de enchufe<\/td>\n    <td>Est\u00e1ndar<\/td>\n  <\/tr>\n<\/table>\n\n<\/body>\n<\/html>\t\t\t\t\t\t\t\t<\/div>\n\t\t\t\t<\/div>\n\t\t\t\t\t<\/div>\n\t\t\t\t<\/div>\n\t\t\t\t<\/div>","protected":false},"excerpt":{"rendered":"<p>All-in-One 12-in-1 Versatility: Combine 12 practical functions into a single compact device to eliminate the hassle of carrying multiple adapters&#8230;<\/p>","protected":false},"featured_media":14657,"comment_status":"open","ping_status":"closed","template":"","meta":{"_acf_changed":false},"etheme_brands":[],"product_brand":[],"product_cat":[118],"product_tag":[],"class_list":{"0":"post-14656","1":"product","2":"type-product","3":"status-publish","4":"has-post-thumbnail","6":"product_cat-sale-shop","8":"first","9":"instock","10":"sale","11":"shipping-taxable","12":"purchasable","13":"product-type-simple"},"acf":[],"_links":{"self":[{"href":"https:\/\/uniquesite.shop\/es\/wp-json\/wp\/v2\/product\/14656","targetHints":{"allow":["GET"]}}],"collection":[{"href":"https:\/\/uniquesite.shop\/es\/wp-json\/wp\/v2\/product"}],"about":[{"href":"https:\/\/uniquesite.shop\/es\/wp-json\/wp\/v2\/types\/product"}],"replies":[{"embeddable":true,"href":"https:\/\/uniquesite.shop\/es\/wp-json\/wp\/v2\/comments?post=14656"}],"version-history":[{"count":4,"href":"https:\/\/uniquesite.shop\/es\/wp-json\/wp\/v2\/product\/14656\/revisions"}],"predecessor-version":[{"id":14674,"href":"https:\/\/uniquesite.shop\/es\/wp-json\/wp\/v2\/product\/14656\/revisions\/14674"}],"wp:featuredmedia":[{"embeddable":true,"href":"https:\/\/uniquesite.shop\/es\/wp-json\/wp\/v2\/media\/14657"}],"wp:attachment":[{"href":"https:\/\/uniquesite.shop\/es\/wp-json\/wp\/v2\/media?parent=14656"}],"wp:term":[{"taxonomy":"brand","embeddable":true,"href":"https:\/\/uniquesite.shop\/es\/wp-json\/wp\/v2\/etheme_brands?post=14656"},{"taxonomy":"product_brand","embeddable":true,"href":"https:\/\/uniquesite.shop\/es\/wp-json\/wp\/v2\/product_brand?post=14656"},{"taxonomy":"product_cat","embeddable":true,"href":"https:\/\/uniquesite.shop\/es\/wp-json\/wp\/v2\/product_cat?post=14656"},{"taxonomy":"product_tag","embeddable":true,"href":"https:\/\/uniquesite.shop\/es\/wp-json\/wp\/v2\/product_tag?post=14656"}],"curies":[{"name":"wp","href":"https:\/\/api.w.org\/{rel}","templated":true}]}}