{"id":14677,"date":"2026-04-06T01:27:26","date_gmt":"2026-04-06T01:27:26","guid":{"rendered":"https:\/\/uniquesite.shop\/?post_type=product&#038;p=14677"},"modified":"2026-04-06T01:36:22","modified_gmt":"2026-04-06T01:36:22","slug":"venta-de-primavera-2026-pegatinas-de-pared-de-pvc-pegatinas-autoadhesivas-para-pared-marmol-decoracion-de-pared-accesorios-para-el-hogar-personalizables-faciles-de-instalar-por-ti-mismo-resis","status":"publish","type":"product","link":"https:\/\/uniquesite.shop\/es\/producto\/venta-de-primavera-2026-pegatinas-de-pared-de-pvc-pegatinas-autoadhesivas-para-pared-marmol-decoracion-de-pared-accesorios-para-el-hogar-personalizables-faciles-de-instalar-por-ti-mismo-resis\/","title":{"rendered":"Venta de primavera 2026 | Pegatinas de pared de PVC, pegatinas autoadhesivas para pared, m\u00e1rmol, decoraci\u00f3n de pared, accesorios para el hogar, personalizables, f\u00e1ciles de instalar por ti mismo, resistentes a la humedad y al moho, azulejos econ\u00f3micos."},"content":{"rendered":"<div data-elementor-type=\"product-post\" data-elementor-id=\"14677\" class=\"elementor elementor-14677\" data-elementor-post-type=\"product\">\n\t\t\t\t<div class=\"elementor-element elementor-element-1ac0d9b4 e-flex e-con-boxed e-con e-parent\" data-id=\"1ac0d9b4\" data-element_type=\"container\" data-settings=\"{&quot;ekit_has_onepagescroll_dot&quot;:&quot;yes&quot;}\">\n\t\t\t\t\t<div class=\"e-con-inner\">\n\t\t<div class=\"elementor-element elementor-element-39e1e6d6 e-grid e-con-full e-con e-child\" data-id=\"39e1e6d6\" data-element_type=\"container\" data-settings=\"{&quot;ekit_has_onepagescroll_dot&quot;:&quot;yes&quot;}\">\n\t\t\t\t<div class=\"elementor-element elementor-element-5edf036 elementor-widget elementor-widget-video\" data-id=\"5edf036\" data-element_type=\"widget\" data-settings=\"{&quot;video_type&quot;:&quot;hosted&quot;,&quot;controls&quot;:&quot;yes&quot;,&quot;ekit_we_effect_on&quot;:&quot;none&quot;}\" data-widget_type=\"video.default\">\n\t\t\t\t<div class=\"elementor-widget-container\">\n\t\t\t\t\t\t\t<div class=\"e-hosted-video elementor-wrapper elementor-open-inline\">\n\t\t\t\t\t<video class=\"elementor-video\" src=\"https:\/\/uniquesite.shop\/wp-content\/uploads\/2026\/04\/video_2026-03-27_16-16-04.mp4\" controls=\"\" preload=\"metadata\" controlslist=\"nodownload\"><\/video>\n\t\t\t\t<\/div>\n\t\t\t\t\t\t<\/div>\n\t\t\t\t<\/div>\n\t\t\t\t<div class=\"elementor-element elementor-element-38923362 elementor-widget elementor-widget-text-editor\" data-id=\"38923362\" data-element_type=\"widget\" data-settings=\"{&quot;ekit_we_effect_on&quot;:&quot;none&quot;}\" data-widget_type=\"text-editor.default\">\n\t\t\t\t<div class=\"elementor-widget-container\">\n\t\t\t\t\t\t\t\t\t<div class=\"elementor-widget-container\">\n\t\t\t\t\t\t\t\t\t# Informaci\u00f3n sobre el producto\n\n<div class=\"product-table\">\n  <div class=\"product-row\">\n    <div class=\"product-label\"><strong>Estilo<\/strong><\/div>\n    <div class=\"product-value\"><strong>Art D\u00e9co<\/strong><\/div>\n  <\/div>\n  <div class=\"product-row\">\n    <div class=\"product-label\"><strong>Color<\/strong><\/div>\n    <div class=\"product-value\"><strong>Abedul blanco<\/strong><\/div>\n  <\/div>\n  <div class=\"product-row\">\n    <div class=\"product-label\"><strong>Tipos de acabado<\/strong><\/div>\n    <div class=\"product-value\"><strong>Superficie texturizada<\/strong><\/div>\n  <\/div>\n  <div class=\"product-row\">\n    <div class=\"product-label\"><strong>Estilo<\/strong><\/div>\n    <div class=\"product-value\"><strong>Art D\u00e9co<\/strong><\/div>\n  <\/div>\n  <div class=\"product-row\">\n    <div class=\"product-label\"><strong>Patr\u00f3n<\/strong><\/div>\n    <div class=\"product-value\"><strong>Metro<\/strong><\/div>\n  <\/div>\n  <div class=\"product-row\">\n    <div class=\"product-label\"><strong>Forma<\/strong><\/div>\n    <div class=\"product-value\"><strong>Rectangular<\/strong><\/div>\n  <\/div>\n  <div class=\"product-row\">\n    <div class=\"product-label\"><strong>Tipo de borde<\/strong><\/div>\n    <div class=\"product-value\"><strong>Borde cuadrado<\/strong><\/div>\n  <\/div>\n  <div class=\"product-row\">\n    <div class=\"product-label\"><strong>Talla<\/strong><\/div>\n    <div class=\"product-value\"><strong>100 piezas, 3\u2033x6\u2033x0,12\u2033.<\/strong><\/div>\n  <\/div>\n<\/div>\n\n<style>\n.product-table {\n  width: 100%;\n  border-top: 1px solid #000;\n  font-family: Arial, sans-serif;\n}\n\n.product-row {\n  display: flex;\n  border-bottom: 1px solid #000;\n  padding: 12px 0;\n}\n\n.product-label {\n  flex: 1;\n  font-weight: bold;\n  min-width: 200px;\n  padding-right: 20px;\n}\n\n.product-value {\n  flex: 1;\n  min-width: 200px;\n}\n<\/style>\t\t\t\t\t\t\t\t<\/div>\n\t\t\t\t<\/div>\n\t\t\t\t<\/div>\n\t\t\t\t\t<\/div>\n\t\t\t\t<\/div>\n\t\t<div class=\"elementor-element elementor-element-35f83b74 e-flex e-con-boxed e-con e-parent\" data-id=\"35f83b74\" data-element_type=\"container\" data-settings=\"{&quot;ekit_has_onepagescroll_dot&quot;:&quot;yes&quot;}\">\n\t\t\t\t\t<div class=\"e-con-inner\">\n\t\t\t\t<div class=\"elementor-element elementor-element-6819fd92 elementor-widget elementor-widget-image\" data-id=\"6819fd92\" data-element_type=\"widget\" data-settings=\"{&quot;ekit_we_effect_on&quot;:&quot;none&quot;}\" data-widget_type=\"image.default\">\n\t\t\t\t<div class=\"elementor-widget-container\">\n\t\t\t\t\t\t\t\t\t\t\t\t\t\t\t<img loading=\"lazy\" decoding=\"async\" width=\"970\" height=\"600\" src=\"https:\/\/uniquesite.shop\/wp-content\/uploads\/2026\/04\/2301a107-f107-4dca-94bd-ad8500de5bea.__CR00970600_PT0_SX970_V1___.jpg\" class=\"attachment-full size-full wp-image-14697 wvs-archive-product-image\" alt=\"\" srcset=\"https:\/\/uniquesite.shop\/wp-content\/uploads\/2026\/04\/2301a107-f107-4dca-94bd-ad8500de5bea.__CR00970600_PT0_SX970_V1___.jpg 970w, https:\/\/uniquesite.shop\/wp-content\/uploads\/2026\/04\/2301a107-f107-4dca-94bd-ad8500de5bea.__CR00970600_PT0_SX970_V1___-300x186.jpg 300w, https:\/\/uniquesite.shop\/wp-content\/uploads\/2026\/04\/2301a107-f107-4dca-94bd-ad8500de5bea.__CR00970600_PT0_SX970_V1___-768x475.jpg 768w, https:\/\/uniquesite.shop\/wp-content\/uploads\/2026\/04\/2301a107-f107-4dca-94bd-ad8500de5bea.__CR00970600_PT0_SX970_V1___-18x12.jpg 18w, https:\/\/uniquesite.shop\/wp-content\/uploads\/2026\/04\/2301a107-f107-4dca-94bd-ad8500de5bea.__CR00970600_PT0_SX970_V1___-600x371.jpg 600w, https:\/\/uniquesite.shop\/wp-content\/uploads\/2026\/04\/2301a107-f107-4dca-94bd-ad8500de5bea.__CR00970600_PT0_SX970_V1___-1x1.jpg 1w, https:\/\/uniquesite.shop\/wp-content\/uploads\/2026\/04\/2301a107-f107-4dca-94bd-ad8500de5bea.__CR00970600_PT0_SX970_V1___-10x6.jpg 10w\" sizes=\"auto, (max-width: 970px) 100vw, 970px\" \/>\t\t\t\t\t\t\t\t\t\t\t\t\t\t\t<\/div>\n\t\t\t\t<\/div>\n\t\t\t\t<div class=\"elementor-element elementor-element-2bf53a9d elementor-widget elementor-widget-heading\" data-id=\"2bf53a9d\" data-element_type=\"widget\" data-settings=\"{&quot;ekit_we_effect_on&quot;:&quot;none&quot;}\" data-widget_type=\"heading.default\">\n\t\t\t\t<div class=\"elementor-widget-container\">\n\t\t\t\t\t<h2 class=\"elementor-heading-title elementor-size-default\">Transforme la vieja cocina y aporte energ\u00eda a su habitaci\u00f3n<\/h2>\t\t\t\t<\/div>\n\t\t\t\t<\/div>\n\t\t\t\t<div class=\"elementor-element elementor-element-20e9136e elementor-widget elementor-widget-text-editor\" data-id=\"20e9136e\" data-element_type=\"widget\" data-settings=\"{&quot;ekit_we_effect_on&quot;:&quot;none&quot;}\" data-widget_type=\"text-editor.default\">\n\t\t\t\t<div class=\"elementor-widget-container\">\n\t\t\t\t\t\t\t\t\t<div class=\"celwidget aplus-module 3p-module-b aplus-standard\" data-csa-c-id=\"3g2h5j-4rgvwh-1ji95c-59b1md\"><div class=\"aplus-module-wrapper aplus-3p-fixed-width\"><p class=\"a-spacing-base\">Los azulejos de PVC de pelar y pegar ofrecen una nueva forma de transformar cualquier espacio en cuesti\u00f3n de minutos. La disponibilidad en opciones de color y estilo abarca desde lo moderno a lo vintage, puede crear un aspecto profesional y de alta gama con estos azulejos \u00fanicos. Simplemente despegue el adhesivo y p\u00e9guelo a la pared, ahorre dinero en contratistas. No necesita lechada ni herramientas especiales, h\u00e1galo usted mismo f\u00e1cilmente.<\/p><\/div><\/div><div class=\"celwidget aplus-module 3p-module-b aplus-standard\" data-csa-c-id=\"z9dk9e-zbeof8-61uyms-xcxjqf\">\u00a0<\/div>\t\t\t\t\t\t\t\t<\/div>\n\t\t\t\t<\/div>\n\t\t\t\t<div class=\"elementor-element elementor-element-7d8fb4d4 elementor-widget elementor-widget-image\" data-id=\"7d8fb4d4\" data-element_type=\"widget\" data-settings=\"{&quot;ekit_we_effect_on&quot;:&quot;none&quot;}\" data-widget_type=\"image.default\">\n\t\t\t\t<div class=\"elementor-widget-container\">\n\t\t\t\t\t\t\t\t\t\t\t\t\t\t\t<img loading=\"lazy\" decoding=\"async\" width=\"970\" height=\"600\" src=\"https:\/\/uniquesite.shop\/wp-content\/uploads\/2026\/04\/7690940e-f25b-49db-a964-fef36fec82bf.__CR00970600_PT0_SX970_V1___.jpg\" class=\"attachment-full size-full wp-image-14698 wvs-archive-product-image\" alt=\"\" srcset=\"https:\/\/uniquesite.shop\/wp-content\/uploads\/2026\/04\/7690940e-f25b-49db-a964-fef36fec82bf.__CR00970600_PT0_SX970_V1___.jpg 970w, https:\/\/uniquesite.shop\/wp-content\/uploads\/2026\/04\/7690940e-f25b-49db-a964-fef36fec82bf.__CR00970600_PT0_SX970_V1___-300x186.jpg 300w, https:\/\/uniquesite.shop\/wp-content\/uploads\/2026\/04\/7690940e-f25b-49db-a964-fef36fec82bf.__CR00970600_PT0_SX970_V1___-768x475.jpg 768w, https:\/\/uniquesite.shop\/wp-content\/uploads\/2026\/04\/7690940e-f25b-49db-a964-fef36fec82bf.__CR00970600_PT0_SX970_V1___-18x12.jpg 18w, https:\/\/uniquesite.shop\/wp-content\/uploads\/2026\/04\/7690940e-f25b-49db-a964-fef36fec82bf.__CR00970600_PT0_SX970_V1___-600x371.jpg 600w, https:\/\/uniquesite.shop\/wp-content\/uploads\/2026\/04\/7690940e-f25b-49db-a964-fef36fec82bf.__CR00970600_PT0_SX970_V1___-1x1.jpg 1w, https:\/\/uniquesite.shop\/wp-content\/uploads\/2026\/04\/7690940e-f25b-49db-a964-fef36fec82bf.__CR00970600_PT0_SX970_V1___-10x6.jpg 10w\" sizes=\"auto, (max-width: 970px) 100vw, 970px\" \/>\t\t\t\t\t\t\t\t\t\t\t\t\t\t\t<\/div>\n\t\t\t\t<\/div>\n\t\t\t\t<div class=\"elementor-element elementor-element-4525848a elementor-widget elementor-widget-heading\" data-id=\"4525848a\" data-element_type=\"widget\" data-settings=\"{&quot;ekit_we_effect_on&quot;:&quot;none&quot;}\" data-widget_type=\"heading.default\">\n\t\t\t\t<div class=\"elementor-widget-container\">\n\t\t\t\t\t<h2 class=\"elementor-heading-title elementor-size-default\">Est\u00e9tica y funcionalidad, larga duraci\u00f3n y bajo mantenimiento<\/h2>\t\t\t\t<\/div>\n\t\t\t\t<\/div>\n\t\t\t\t<div class=\"elementor-element elementor-element-7cd31d8f elementor-widget elementor-widget-text-editor\" data-id=\"7cd31d8f\" data-element_type=\"widget\" data-settings=\"{&quot;ekit_we_effect_on&quot;:&quot;none&quot;}\" data-widget_type=\"text-editor.default\">\n\t\t\t\t<div class=\"elementor-widget-container\">\n\t\t\t\t\t\t\t\t\t<div class=\"celwidget aplus-module 3p-module-b aplus-standard\" data-csa-c-id=\"z9dk9e-zbeof8-61uyms-xcxjqf\"><div class=\"aplus-module-wrapper aplus-3p-fixed-width\"><ul class=\"a-unordered-list a-vertical\"><li><span class=\"a-list-item\">Patr\u00f3n y textura de madera realistas<\/span><\/li><li><span class=\"a-list-item\">Impermeable<\/span><\/li><li><span class=\"a-list-item\">Resistente al calor<\/span><\/li><li><span class=\"a-list-item\">Antimanchas<\/span><\/li><li><span class=\"a-list-item\">Resistente a los ara\u00f1azos<\/span><\/li><li><span class=\"a-list-item\">Resistente a impactos fuertes<\/span><\/li><li><span class=\"a-list-item\">El color nunca pierde intensidad<\/span><\/li><li><span class=\"a-list-item\">Gran adherencia<\/span><\/li><\/ul><\/div><\/div>\t\t\t\t\t\t\t\t<\/div>\n\t\t\t\t<\/div>\n\t\t\t\t<div class=\"elementor-element elementor-element-1ca32d89 elementor-widget elementor-widget-image\" data-id=\"1ca32d89\" data-element_type=\"widget\" data-settings=\"{&quot;ekit_we_effect_on&quot;:&quot;none&quot;}\" data-widget_type=\"image.default\">\n\t\t\t\t<div class=\"elementor-widget-container\">\n\t\t\t\t\t\t\t\t\t\t\t\t\t\t\t<img loading=\"lazy\" decoding=\"async\" width=\"970\" height=\"600\" src=\"https:\/\/uniquesite.shop\/wp-content\/uploads\/2026\/04\/3406b917-4f46-4fcd-aca9-32f0ee532634.__CR00970600_PT0_SX970_V1___.jpg\" class=\"attachment-full size-full wp-image-14699 wvs-archive-product-image\" alt=\"\" srcset=\"https:\/\/uniquesite.shop\/wp-content\/uploads\/2026\/04\/3406b917-4f46-4fcd-aca9-32f0ee532634.__CR00970600_PT0_SX970_V1___.jpg 970w, https:\/\/uniquesite.shop\/wp-content\/uploads\/2026\/04\/3406b917-4f46-4fcd-aca9-32f0ee532634.__CR00970600_PT0_SX970_V1___-300x186.jpg 300w, https:\/\/uniquesite.shop\/wp-content\/uploads\/2026\/04\/3406b917-4f46-4fcd-aca9-32f0ee532634.__CR00970600_PT0_SX970_V1___-768x475.jpg 768w, https:\/\/uniquesite.shop\/wp-content\/uploads\/2026\/04\/3406b917-4f46-4fcd-aca9-32f0ee532634.__CR00970600_PT0_SX970_V1___-18x12.jpg 18w, https:\/\/uniquesite.shop\/wp-content\/uploads\/2026\/04\/3406b917-4f46-4fcd-aca9-32f0ee532634.__CR00970600_PT0_SX970_V1___-600x371.jpg 600w, https:\/\/uniquesite.shop\/wp-content\/uploads\/2026\/04\/3406b917-4f46-4fcd-aca9-32f0ee532634.__CR00970600_PT0_SX970_V1___-1x1.jpg 1w, https:\/\/uniquesite.shop\/wp-content\/uploads\/2026\/04\/3406b917-4f46-4fcd-aca9-32f0ee532634.__CR00970600_PT0_SX970_V1___-10x6.jpg 10w\" sizes=\"auto, (max-width: 970px) 100vw, 970px\" \/>\t\t\t\t\t\t\t\t\t\t\t\t\t\t\t<\/div>\n\t\t\t\t<\/div>\n\t\t\t\t<div class=\"elementor-element elementor-element-36309685 elementor-widget elementor-widget-image\" data-id=\"36309685\" data-element_type=\"widget\" data-settings=\"{&quot;ekit_we_effect_on&quot;:&quot;none&quot;}\" data-widget_type=\"image.default\">\n\t\t\t\t<div class=\"elementor-widget-container\">\n\t\t\t\t\t\t\t\t\t\t\t\t\t\t\t<img loading=\"lazy\" decoding=\"async\" width=\"970\" height=\"600\" src=\"https:\/\/uniquesite.shop\/wp-content\/uploads\/2026\/04\/fa1e9125-1586-48e5-9be9-9958020e8f25.__CR00970600_PT0_SX970_V1___.jpg\" class=\"attachment-full size-full wp-image-14700 wvs-archive-product-image\" alt=\"\" srcset=\"https:\/\/uniquesite.shop\/wp-content\/uploads\/2026\/04\/fa1e9125-1586-48e5-9be9-9958020e8f25.__CR00970600_PT0_SX970_V1___.jpg 970w, https:\/\/uniquesite.shop\/wp-content\/uploads\/2026\/04\/fa1e9125-1586-48e5-9be9-9958020e8f25.__CR00970600_PT0_SX970_V1___-300x186.jpg 300w, https:\/\/uniquesite.shop\/wp-content\/uploads\/2026\/04\/fa1e9125-1586-48e5-9be9-9958020e8f25.__CR00970600_PT0_SX970_V1___-768x475.jpg 768w, https:\/\/uniquesite.shop\/wp-content\/uploads\/2026\/04\/fa1e9125-1586-48e5-9be9-9958020e8f25.__CR00970600_PT0_SX970_V1___-18x12.jpg 18w, https:\/\/uniquesite.shop\/wp-content\/uploads\/2026\/04\/fa1e9125-1586-48e5-9be9-9958020e8f25.__CR00970600_PT0_SX970_V1___-600x371.jpg 600w, https:\/\/uniquesite.shop\/wp-content\/uploads\/2026\/04\/fa1e9125-1586-48e5-9be9-9958020e8f25.__CR00970600_PT0_SX970_V1___-1x1.jpg 1w, https:\/\/uniquesite.shop\/wp-content\/uploads\/2026\/04\/fa1e9125-1586-48e5-9be9-9958020e8f25.__CR00970600_PT0_SX970_V1___-10x6.jpg 10w\" sizes=\"auto, (max-width: 970px) 100vw, 970px\" \/>\t\t\t\t\t\t\t\t\t\t\t\t\t\t\t<\/div>\n\t\t\t\t<\/div>\n\t\t\t\t<div class=\"elementor-element elementor-element-22090591 elementor-widget elementor-widget-text-editor\" data-id=\"22090591\" data-element_type=\"widget\" data-settings=\"{&quot;ekit_we_effect_on&quot;:&quot;none&quot;}\" data-widget_type=\"text-editor.default\">\n\t\t\t\t<div class=\"elementor-widget-container\">\n\t\t\t\t\t\t\t\t\t<ol class=\"a-ordered-list a-vertical\"><li><span class=\"a-list-item\"><span class=\"a-text-bold\">F\u00e1cil de cortar a trav\u00e9s de los azulejos - Un cuchillo afilado o unas tijeras de alta resistencia ser\u00e1n suficientes.<\/span><\/span><\/li><li><span class=\"a-list-item\"><span class=\"a-text-bold\">F\u00e1cil de despegar la pel\u00edcula protectora del dorso.<\/span><\/span><\/li><li><span class=\"a-list-item\"><span class=\"a-text-bold\">Instalaci\u00f3n f\u00e1cil de manejar y aporta singularidad con una gran variedad de patrones de colocaci\u00f3n.<\/span><\/span><\/li><\/ol>\t\t\t\t\t\t\t\t<\/div>\n\t\t\t\t<\/div>\n\t\t\t\t\t<\/div>\n\t\t\t\t<\/div>\n\t\t\t\t<\/div>","protected":false},"excerpt":{"rendered":"<h1 class=\"a-size-base-plus a-text-bold\">Acerca de este art\u00edculo<\/h1>\n<ul class=\"a-unordered-list a-vertical a-spacing-mini\">\n<li class=\"a-spacing-mini\"><span class=\"a-list-item\">100 hojas de azulejos de PVC s\u00f3lido, 2,95\u2033x5,9\u2033x0,12\u2033 cada uno, cubren 12,11 pies cuadrados. Este patr\u00f3n de metro simple es m\u00e1s f\u00e1cil de instalar y los planes de la disposici\u00f3n libremente a su imaginaci\u00f3n.<\/span><\/li>\n<li class=\"a-spacing-mini\"><span class=\"a-list-item\">Fabricado en laminado compuesto de PVC, superficie con textura realista, antiara\u00f1azos, alto impacto, color sin decoloraci\u00f3n, f\u00e1cil de cortar con el c\u00fater.<\/span><\/li>\n<li class=\"a-spacing-mini\"><span class=\"a-list-item\">Cinta de soporte de espuma resistente sin pegamento adicional, s\u00f3lo tiene que despegar y pegar. No se deforma ni se despega. F\u00e1cil DIY, r\u00e1pido de instalar y ahorrar costes de contratista.<\/span><\/li>\n<\/ul>","protected":false},"featured_media":14684,"comment_status":"open","ping_status":"closed","template":"","meta":{"_acf_changed":false},"etheme_brands":[],"product_brand":[],"product_cat":[118],"product_tag":[],"class_list":{"0":"post-14677","1":"product","2":"type-product","3":"status-publish","4":"has-post-thumbnail","6":"product_cat-sale-shop","8":"first","9":"instock","10":"sale","11":"shipping-taxable","12":"purchasable","13":"product-type-variable","14":"has-default-attributes","15":"wvs-archive-product-wrapper"},"acf":[],"_links":{"self":[{"href":"https:\/\/uniquesite.shop\/es\/wp-json\/wp\/v2\/product\/14677","targetHints":{"allow":["GET"]}}],"collection":[{"href":"https:\/\/uniquesite.shop\/es\/wp-json\/wp\/v2\/product"}],"about":[{"href":"https:\/\/uniquesite.shop\/es\/wp-json\/wp\/v2\/types\/product"}],"replies":[{"embeddable":true,"href":"https:\/\/uniquesite.shop\/es\/wp-json\/wp\/v2\/comments?post=14677"}],"version-history":[{"count":4,"href":"https:\/\/uniquesite.shop\/es\/wp-json\/wp\/v2\/product\/14677\/revisions"}],"predecessor-version":[{"id":14708,"href":"https:\/\/uniquesite.shop\/es\/wp-json\/wp\/v2\/product\/14677\/revisions\/14708"}],"wp:featuredmedia":[{"embeddable":true,"href":"https:\/\/uniquesite.shop\/es\/wp-json\/wp\/v2\/media\/14684"}],"wp:attachment":[{"href":"https:\/\/uniquesite.shop\/es\/wp-json\/wp\/v2\/media?parent=14677"}],"wp:term":[{"taxonomy":"brand","embeddable":true,"href":"https:\/\/uniquesite.shop\/es\/wp-json\/wp\/v2\/etheme_brands?post=14677"},{"taxonomy":"product_brand","embeddable":true,"href":"https:\/\/uniquesite.shop\/es\/wp-json\/wp\/v2\/product_brand?post=14677"},{"taxonomy":"product_cat","embeddable":true,"href":"https:\/\/uniquesite.shop\/es\/wp-json\/wp\/v2\/product_cat?post=14677"},{"taxonomy":"product_tag","embeddable":true,"href":"https:\/\/uniquesite.shop\/es\/wp-json\/wp\/v2\/product_tag?post=14677"}],"curies":[{"name":"wp","href":"https:\/\/api.w.org\/{rel}","templated":true}]}}